{"id":32,"date":"2012-01-13T14:22:16","date_gmt":"2012-01-13T14:22:16","guid":{"rendered":"http:\/\/thenordiccountries.com\/es\/?page_id=32"},"modified":"2012-03-07T02:49:26","modified_gmt":"2012-03-07T02:49:26","slug":"finlandia","status":"publish","type":"page","link":"http:\/\/thenordiccountries.com\/es\/finlandia\/","title":{"rendered":"FINLANDIA"},"content":{"rendered":"<p style=\"text-align: center;\"><a href=\"http:\/\/thenordiccountries.com\/es\/wp-content\/uploads\/2012\/01\/TheNordicCountries.com-Finland-Finlandia-Finlande.jpg\">[ad]<img loading=\"lazy\" decoding=\"async\" class=\"aligncenter size-full wp-image-281\" title=\"TheNordicCountries.com Finland, Finlandia, Finlande\" src=\"http:\/\/thenordiccountries.com\/es\/wp-content\/uploads\/2012\/01\/TheNordicCountries.com-Finland-Finlandia-Finlande.jpg\" alt=\"\" width=\"480\" height=\"360\" srcset=\"http:\/\/thenordiccountries.com\/es\/wp-content\/uploads\/2012\/01\/TheNordicCountries.com-Finland-Finlandia-Finlande.jpg 800w, http:\/\/thenordiccountries.com\/es\/wp-content\/uploads\/2012\/01\/TheNordicCountries.com-Finland-Finlandia-Finlande-300x225.jpg 300w, http:\/\/thenordiccountries.com\/es\/wp-content\/uploads\/2012\/01\/TheNordicCountries.com-Finland-Finlandia-Finlande-200x150.jpg 200w\" sizes=\"auto, (max-width: 480px) 100vw, 480px\" \/><\/a><\/p>\n<ul>\n<ul>\n<li><span class=\"Apple-style-span\" style=\"color: #0000ff;\"><strong>\u00a0\u00a0<span style=\"text-decoration: underline;\"><span style=\"text-decoration: underline;\"><a title=\"Viajar a Finlandia\" href=\"http:\/\/thenordiccountries.com\/es\/viajar-a-finlandia\/\" target=\"_blank\"><span style=\"color: #0000ff; text-decoration: underline;\">Viajar a Finlandia<\/span><\/a><\/span><\/span><\/strong><\/span><\/li>\n<li><span class=\"Apple-style-span\" style=\"color: #0000ff;\"><strong>\u00a0\u00a0<span style=\"text-decoration: underline;\"><span style=\"text-decoration: underline;\"><span style=\"text-decoration: underline;\"><a title=\"Estudiar en Finlandia\" href=\"http:\/\/thenordiccountries.com\/es\/estudiar-en-finlandia\/\" target=\"_blank\"><span style=\"color: #0000ff; text-decoration: underline;\">E<\/span><\/a><\/span><\/span><span style=\"text-decoration: underline;\"><a title=\"Estudiar en Finlandia\" href=\"http:\/\/thenordiccountries.com\/es\/estudiar-en-finlandia\/\" target=\"_blank\"><span style=\"color: #0000ff; text-decoration: underline;\">studiar en Finlandia<\/span><\/a><\/span><\/span><\/strong><\/span><\/li>\n<li><span class=\"Apple-style-span\" style=\"color: #0000ff;\"><strong>\u00a0\u00a0<span style=\"text-decoration: underline;\"><span style=\"text-decoration: underline;\"><a title=\"Perfil del pa\u00eds Finlandia\" href=\"http:\/\/thenordiccountries.com\/es\/finlandia-perfil-del-pais\/\" target=\"_blank\"><span style=\"color: #0000ff; text-decoration: underline;\">Perf\u00edl del pa\u00eds<\/span><\/a><\/span><\/span><\/strong><\/span><\/li>\n<li><span class=\"Apple-style-span\" style=\"color: #0000ff;\"><strong>\u00a0\u00a0<span style=\"text-decoration: underline;\"><span style=\"text-decoration: underline;\"><a title=\"Cultura Finlandesa\" href=\"http:\/\/thenordiccountries.com\/es\/cultura-finlandesa\/\" target=\"_blank\"><span style=\"color: #0000ff; text-decoration: underline;\">Cultura Finlandesa<\/span><\/a><\/span><\/span><\/strong><\/span><\/li>\n<li><span class=\"Apple-style-span\" style=\"color: #0000ff;\"><strong>\u00a0\u00a0<span style=\"text-decoration: underline;\"><span style=\"text-decoration: underline;\"><a title=\"Arte n\u00f3rdico\" href=\"http:\/\/thenordiccountries.com\/es\/arte-nordico\/\" target=\"_blank\"><span style=\"color: #0000ff; text-decoration: underline;\">Arte Finland\u00e9s<\/span><\/a><\/span><\/span><\/strong><\/span><\/li>\n<li><span class=\"Apple-style-span\" style=\"color: #0000ff;\"><strong>\u00a0\u00a0<span style=\"text-decoration: underline;\"><span style=\"text-decoration: underline;\"><a title=\"Noticias de Finlandia TheNordicCountries.com\" href=\"http:\/\/thenordiccountries.com\/es\/category\/actualidad\/noticias-de-finlandia\/\" target=\"_blank\"><span style=\"color: #0000ff; text-decoration: underline;\">Actualidad en Finlandia<\/span><\/a><\/span><\/span><\/strong><\/span><\/li>\n<li><span class=\"Apple-style-span\" style=\"color: #0000ff;\"><strong>\u00a0\u00a0<span style=\"text-decoration: underline;\"><span style=\"text-decoration: underline;\"><a title=\"Historia de Finlandia\" href=\"http:\/\/thenordiccountries.com\/es\/category\/historia\/historia-de-finlandia-categoria\/\" target=\"_blank\"><span style=\"color: #0000ff; text-decoration: underline;\">Historia de Finlandia<\/span><\/a><\/span><\/span><\/strong><\/span><\/li>\n<li><span class=\"Apple-style-span\" style=\"color: #0000ff;\"><strong>\u00a0\u00a0<span style=\"text-decoration: underline;\"><span style=\"text-decoration: underline;\"><a title=\"Gastronom\u00eda finlandesa\" href=\"http:\/\/thenordiccountries.com\/es\/gastronomia-finlandesa\/\" target=\"_blank\"><span style=\"color: #0000ff; text-decoration: underline;\">Gastronom\u00eda en Finlandia<\/span><\/a><\/span><\/span><\/strong><\/span><\/li>\n<li><span class=\"Apple-style-span\" style=\"color: #0000ff;\"><strong>\u00a0\u00a0<span style=\"text-decoration: underline;\"><span style=\"text-decoration: underline;\">Vivir en Finlandia<\/span><\/span><\/strong><\/span><\/li>\n<\/ul>\n<\/ul>\n<p style=\"text-align: justify;\" lang=\"en\"><strong>Finlandia<\/strong> es el pa\u00eds n\u00f3rdico m\u00e1s situado al este, que comparte una larga frontera con Rusia, adem\u00e1s de estar unido por el norte con Suecia y Noruega. Aunque a menudo considerado como uno de\u00a0los pa\u00edses escandinavos,\u00a0Finlandia,\u00a0como excepci\u00f3n a\u00a0los dem\u00e1s pa\u00edses n\u00f3rdicos, no forma oficialmente parte de Escandinavia, ya que s\u00f3lo\u00a0su parte m\u00e1s septentrional se encuentra en\u00a0la pen\u00ednsula escandinava.<\/p>\n<p style=\"text-align: justify;\" lang=\"en\"><a href=\"http:\/\/thenordiccountries.com\/es\/wp-content\/uploads\/2012\/01\/TheNordicCountries.com-FINLAND-IN-FEW-WORDS-map.gif\"><img loading=\"lazy\" decoding=\"async\" class=\"alignright\" title=\"TheNordicCountries.com FINLAND en unas palabras mapa\" src=\"http:\/\/thenordiccountries.com\/es\/wp-content\/uploads\/2012\/01\/TheNordicCountries.com-FINLAND-IN-FEW-WORDS-map.gif\" alt=\"\" width=\"245\" height=\"272\" \/><\/a>El lenguaje de\u00a0los finlandeses\u00a0presenta igualmente una excepci\u00f3n entre las lenguas escandinavas; el\u00a0idioma finland\u00e9s&#8221;Suomi&#8221;, tiene\u00a0sus ra\u00edces en\u00a0la familia de lenguas fino-ugrias, como el\u00a0h\u00fangaro o el\u00a0estonio,\u00a0y por lo tanto\u00a0la\u00a0cultura idiom\u00e1tica finlandesa se difiere de forma significativa del resto de las culturas n\u00f3rdicas como la sueca, danesa o la noruega, cuyos idiomas provienen de origen germ\u00e1nico.<\/p>\n<p style=\"text-align: justify;\" lang=\"en\">[ad]<\/p>\n<p style=\"text-align: justify;\" lang=\"en\">Los finlandeses, a veces se llamados los\u00a0&#8220;latinos&#8221;\u00a0del norte\u00a0debido a su\u00a0mentalidad\u00a0abierta\u00a0y acogedora,\u00a0son los inventores de la Sauna, uno de los conceptos m\u00e1s caracter\u00edsticos de los h\u00e1bitos de esta tierra n\u00f3rdica. Lo normal\u00a0en la vida de un finland\u00e9s\u00a0es al menos\u00a0una visita a la sauna por semana, ya sea porque hace fr\u00edo en invierno, o porque simplemente\u00a0no hay nada\u00a0tan hermoso como\u00a0tomar una\u00a0sauna veraniega envuelto en un paisaje de preciosos lagos y verdes bosques.<\/p>\n<ul>\n<ul>\n<li><span style=\"color: #0000ff;\"><strong>\u00a0\u00a0<\/strong><\/span><span style=\"text-decoration: underline;\"><span style=\"color: #0000ff; text-decoration: underline;\"><strong>Galer\u00eda de fotos de Finlandia<\/strong><\/span><\/span><\/li>\n<li><span style=\"color: #0000ff;\"><strong>\u00a0\u00a0<\/strong><\/span><span style=\"text-decoration: underline;\"><span style=\"color: #0000ff; text-decoration: underline;\"><strong>V\u00eddeos de Finlandia<\/strong><\/span><\/span><\/li>\n<\/ul>\n<\/ul>\n<p lang=\"en\"><strong><span style=\"color: #808080;\">Ver m\u00e1s sobre<\/span>: \u00a0 \u00a0 \u00a0<span style=\"color: #3366ff;\">Finlandia \u00a0 \u00a0 Helsinki \u00a0 \u00a0 Laponia \u00a0 \u00a0 Escandinavia<\/span><\/strong><\/p>\n","protected":false},"excerpt":{"rendered":"<p>[ad] \u00a0\u00a0Viajar a Finlandia \u00a0\u00a0Estudiar en Finlandia \u00a0\u00a0Perf\u00edl del pa\u00eds \u00a0\u00a0Cultura Finlandesa \u00a0\u00a0Arte Finland\u00e9s \u00a0\u00a0Actualidad en Finlandia \u00a0\u00a0Historia de Finlandia \u00a0\u00a0Gastronom\u00eda en Finlandia \u00a0\u00a0Vivir en Finlandia Finlandia es el pa\u00eds n\u00f3rdico m\u00e1s situado al este, que comparte una larga frontera con Rusia, adem\u00e1s de estar unido por el norte con Suecia y Noruega. Aunque a [&hellip;]<\/p>\n","protected":false},"author":1,"featured_media":281,"parent":0,"menu_order":0,"comment_status":"closed","ping_status":"closed","template":"","meta":{"footnotes":""},"class_list":["post-32","page","type-page","status-publish","has-post-thumbnail","hentry"],"_links":{"self":[{"href":"http:\/\/thenordiccountries.com\/es\/wp-json\/wp\/v2\/pages\/32","targetHints":{"allow":["GET"]}}],"collection":[{"href":"http:\/\/thenordiccountries.com\/es\/wp-json\/wp\/v2\/pages"}],"about":[{"href":"http:\/\/thenordiccountries.com\/es\/wp-json\/wp\/v2\/types\/page"}],"author":[{"embeddable":true,"href":"http:\/\/thenordiccountries.com\/es\/wp-json\/wp\/v2\/users\/1"}],"replies":[{"embeddable":true,"href":"http:\/\/thenordiccountries.com\/es\/wp-json\/wp\/v2\/comments?post=32"}],"version-history":[{"count":33,"href":"http:\/\/thenordiccountries.com\/es\/wp-json\/wp\/v2\/pages\/32\/revisions"}],"predecessor-version":[{"id":70,"href":"http:\/\/thenordiccountries.com\/es\/wp-json\/wp\/v2\/pages\/32\/revisions\/70"}],"wp:featuredmedia":[{"embeddable":true,"href":"http:\/\/thenordiccountries.com\/es\/wp-json\/wp\/v2\/media\/281"}],"wp:attachment":[{"href":"http:\/\/thenordiccountries.com\/es\/wp-json\/wp\/v2\/media?parent=32"}],"curies":[{"name":"wp","href":"https:\/\/api.w.org\/{rel}","templated":true}]}}