{"id":34,"date":"2012-01-13T14:22:31","date_gmt":"2012-01-13T14:22:31","guid":{"rendered":"http:\/\/thenordiccountries.com\/es\/?page_id=34"},"modified":"2012-03-26T15:47:03","modified_gmt":"2012-03-26T15:47:03","slug":"dinamarca","status":"publish","type":"page","link":"http:\/\/thenordiccountries.com\/es\/dinamarca\/","title":{"rendered":"DINAMARCA"},"content":{"rendered":"<div style=\"text-align: center;\"><a href=\"http:\/\/thenordiccountries.com\/es\/wp-content\/uploads\/2012\/01\/TheNordicCountries.com-DENMARK.jpg\">[ad]<img loading=\"lazy\" decoding=\"async\" class=\"aligncenter size-full wp-image-101\" title=\"TheNordicCountries.com DENMARK\" src=\"http:\/\/thenordiccountries.com\/es\/wp-content\/uploads\/2012\/01\/TheNordicCountries.com-DENMARK.jpg\" alt=\"\" width=\"560\" height=\"373\" srcset=\"http:\/\/thenordiccountries.com\/es\/wp-content\/uploads\/2012\/01\/TheNordicCountries.com-DENMARK.jpg 800w, http:\/\/thenordiccountries.com\/es\/wp-content\/uploads\/2012\/01\/TheNordicCountries.com-DENMARK-300x199.jpg 300w\" sizes=\"auto, (max-width: 560px) 100vw, 560px\" \/><\/a><\/div>\n<ul>\n<ul>\n<li><span style=\"text-decoration: underline; color: #0000ff;\"><span style=\"text-decoration: underline;\"><strong><a title=\"VIAJAR A DINAMARCA\" href=\"http:\/\/thenordiccountries.com\/es\/viajar-a-dinamarca\/\" target=\"_blank\"><span style=\"color: #0000ff; text-decoration: underline;\">Viajar a Dinamarca<\/span><\/a><\/strong><\/span><\/span><\/li>\n<li><span style=\"text-decoration: underline;\"><span style=\"color: #0000ff; text-decoration: underline;\"><strong><span style=\"text-decoration: underline;\"><a title=\"Estiduar en Dinamarca\" href=\"http:\/\/thenordiccountries.com\/es\/estudiar-en-dinamarca\/\" target=\"_blank\"><span style=\"color: #0000ff; text-decoration: underline;\">E<\/span><\/a><\/span><a title=\"Estiduar en Dinamarca\" href=\"http:\/\/thenordiccountries.com\/es\/estudiar-en-dinamarca\/\" target=\"_blank\"><span style=\"color: #0000ff; text-decoration: underline;\">studiar en <\/span><\/a><\/strong><span style=\"text-decoration: underline;\"><strong><strong><a title=\"Estiduar en Dinamarca\" href=\"http:\/\/thenordiccountries.com\/es\/estudiar-en-dinamarca\/\" target=\"_blank\"><span style=\"color: #0000ff; text-decoration: underline;\">Dinamarca<\/span><\/a><\/strong><\/strong><\/span><\/span><span style=\"color: #0000ff; text-decoration: underline;\"><strong><br \/>\n<\/strong><\/span><\/span><\/li>\n<li><span style=\"text-decoration: underline;\"><span style=\"color: #0000ff; text-decoration: underline;\"><strong>Perf\u00edl del pa\u00eds<\/strong><\/span><\/span><\/li>\n<li><span style=\"text-decoration: underline;\"><span style=\"color: #0000ff; text-decoration: underline;\"><strong>Cultura Danesa<\/strong><\/span><\/span><\/li>\n<li><span style=\"text-decoration: underline; color: #0000ff;\"><span style=\"text-decoration: underline;\"><strong><a title=\"Arte N\u00f3rdico\" href=\"http:\/\/thenordiccountries.com\/es\/arte-nordico\/\" target=\"_blank\"><span style=\"color: #0000ff; text-decoration: underline;\">Arte Dan\u00e9s<\/span><\/a><\/strong><\/span><\/span><\/li>\n<li><span style=\"text-decoration: underline;\"><span style=\"color: #0000ff; text-decoration: underline;\"><strong>Historia de <strong>Dinamarca<\/strong><br \/>\n<\/strong><\/span><\/span><\/li>\n<li><span style=\"text-decoration: underline;\"><span style=\"color: #0000ff; text-decoration: underline;\"><strong>Gastronom\u00eda en <strong>Dinamarca<\/strong><br \/>\n<\/strong><\/span><\/span><\/li>\n<li><span style=\"text-decoration: underline;\"><span style=\"color: #0000ff; text-decoration: underline;\"><strong>Vivir en <strong>Dinamarca<\/strong><\/strong><\/span><\/span><\/li>\n<\/ul>\n<\/ul>\n<p style=\"text-align: justify;\" lang=\"en\"><strong>Dinamarca<\/strong> es el pa\u00eds n\u00f3rdico con la situaci\u00f3n m\u00e1s meridional, y su pen\u00ednsula principal, Jutlandia, est\u00e1 unido con frontera terrestre s\u00f3lo a Alemania. Adem\u00e1s de su frontera alemana, Dinamarca est\u00e1 conectada con su vecino Suecia por el puente de Oresund contru\u00eddo en 1999 que une a la isla danesa de Selandia con la parte meridional de Suecia. Adem\u00e1s de Jutlandia y Selandia, el reino de Dinamarca est\u00e1 compuesto por cientos de islas, un total de 407, y dos territorios aut\u00f3nomos y dependientes, Groenlandia e Islas Feroe.<\/p>\n<p style=\"text-align: justify;\"><img loading=\"lazy\" decoding=\"async\" class=\"alignright size-full wp-image-106\" title=\"TheNordicCountries.com DENMARK mapa\" src=\"http:\/\/thenordiccountries.com\/es\/wp-content\/uploads\/2012\/01\/TheNordicCountries.com-DENMARK-mapa.gif\" alt=\"\" width=\"246\" height=\"234\" \/><\/p>\n<p style=\"text-align: justify;\">A pesar de no formar parte de la pen\u00ednsula Escandinava, Dinamarca se considera parte de Escandinavia por su idioma, el dan\u00e9s, pr\u00f3ximo relativo a los dem\u00e1s idiomas escandinavos, como el sueco, el noruego y el island\u00e9s. Los Daneses forman parte de la Uni\u00f3n Europea, aunque no utilizan el euro. Su moneda es la Corona Danesa. La monarqu\u00eda danesa est\u00e1 considerada como la monarqu\u00eda m\u00e1s antigua que existe al tener la edad de un milenio.<\/p>\n<p style=\"text-align: justify;\">[ad]<\/p>\n<p style=\"text-align: justify;\">Se suele decir de los Daneses que son gente tranquila y simp\u00e1tica y les gusta disfrutar de la naturaleza de su bonita tierra rodeada de islas. Entre los atractivos m\u00e1s importantes est\u00e1 la capital Copenhague con su famoso Tivoli y, como no, la aun m\u00e1s famosa sirena que reposa sobre las tranquilas aguas de la bella ciudad danesa.<\/p>\n<ul>\n<ul>\n<li><span style=\"text-decoration: underline;\"><span style=\"color: #0000ff; text-decoration: underline;\"><strong>Galer\u00eda de fotos de\u00a0<strong>Dinamarca<\/strong><br \/>\n<\/strong><\/span><\/span><\/li>\n<li><span style=\"text-decoration: underline;\"><span style=\"color: #0000ff; text-decoration: underline;\"><strong>V\u00eddeos de\u00a0<strong>Dinamarca<\/strong><\/strong><\/span><\/span><\/li>\n<\/ul>\n<\/ul>\n","protected":false},"excerpt":{"rendered":"<p>[ad] Viajar a Dinamarca Estudiar en Dinamarca Perf\u00edl del pa\u00eds Cultura Danesa Arte Dan\u00e9s Historia de Dinamarca Gastronom\u00eda en Dinamarca Vivir en Dinamarca Dinamarca es el pa\u00eds n\u00f3rdico con la situaci\u00f3n m\u00e1s meridional, y su pen\u00ednsula principal, Jutlandia, est\u00e1 unido con frontera terrestre s\u00f3lo a Alemania. Adem\u00e1s de su frontera alemana, Dinamarca est\u00e1 conectada con [&hellip;]<\/p>\n","protected":false},"author":1,"featured_media":101,"parent":0,"menu_order":0,"comment_status":"closed","ping_status":"closed","template":"","meta":{"footnotes":""},"class_list":["post-34","page","type-page","status-publish","has-post-thumbnail","hentry"],"_links":{"self":[{"href":"http:\/\/thenordiccountries.com\/es\/wp-json\/wp\/v2\/pages\/34","targetHints":{"allow":["GET"]}}],"collection":[{"href":"http:\/\/thenordiccountries.com\/es\/wp-json\/wp\/v2\/pages"}],"about":[{"href":"http:\/\/thenordiccountries.com\/es\/wp-json\/wp\/v2\/types\/page"}],"author":[{"embeddable":true,"href":"http:\/\/thenordiccountries.com\/es\/wp-json\/wp\/v2\/users\/1"}],"replies":[{"embeddable":true,"href":"http:\/\/thenordiccountries.com\/es\/wp-json\/wp\/v2\/comments?post=34"}],"version-history":[{"count":31,"href":"http:\/\/thenordiccountries.com\/es\/wp-json\/wp\/v2\/pages\/34\/revisions"}],"predecessor-version":[{"id":91,"href":"http:\/\/thenordiccountries.com\/es\/wp-json\/wp\/v2\/pages\/34\/revisions\/91"}],"wp:featuredmedia":[{"embeddable":true,"href":"http:\/\/thenordiccountries.com\/es\/wp-json\/wp\/v2\/media\/101"}],"wp:attachment":[{"href":"http:\/\/thenordiccountries.com\/es\/wp-json\/wp\/v2\/media?parent=34"}],"curies":[{"name":"wp","href":"https:\/\/api.w.org\/{rel}","templated":true}]}}