{"id":36,"date":"2012-01-13T14:22:41","date_gmt":"2012-01-13T14:22:41","guid":{"rendered":"http:\/\/thenordiccountries.com\/es\/?page_id=36"},"modified":"2012-03-23T14:05:49","modified_gmt":"2012-03-23T14:05:49","slug":"suecia","status":"publish","type":"page","link":"http:\/\/thenordiccountries.com\/es\/suecia\/","title":{"rendered":"SUECIA"},"content":{"rendered":"<p style=\"text-align: center;\"><a href=\"http:\/\/thenordiccountries.com\/es\/wp-content\/uploads\/2012\/01\/Thenordiccountries-Sweden-Suecia-La-Su\u00e8de.jpg\">[ad]<img loading=\"lazy\" decoding=\"async\" class=\"aligncenter size-full wp-image-110\" title=\"Thenordiccountries Sweden, Suecia, La Su\u00e8de\" src=\"http:\/\/thenordiccountries.com\/es\/wp-content\/uploads\/2012\/01\/Thenordiccountries-Sweden-Suecia-La-Su\u00e8de.jpg\" alt=\"\" width=\"411\" height=\"272\" srcset=\"http:\/\/thenordiccountries.com\/es\/wp-content\/uploads\/2012\/01\/Thenordiccountries-Sweden-Suecia-La-Su\u00e8de.jpg 411w, http:\/\/thenordiccountries.com\/es\/wp-content\/uploads\/2012\/01\/Thenordiccountries-Sweden-Suecia-La-Su\u00e8de-300x198.jpg 300w\" sizes=\"auto, (max-width: 411px) 100vw, 411px\" \/><\/a><\/p>\n<ul>\n<ul>\n<li><span style=\"color: #0000ff;\"><strong><span style=\"text-decoration: underline;\"><span style=\"text-decoration: underline;\"><a title=\"Viajar a Suecia\" href=\"http:\/\/thenordiccountries.com\/es\/viajar-a-suecia\/\" target=\"_blank\"><span style=\"color: #0000ff; text-decoration: underline;\">Viajar a Suecia<\/span><\/a><\/span><\/span><\/strong><\/span><\/li>\n<li><strong><span style=\"text-decoration: underline;\"><span style=\"color: #0000ff; text-decoration: underline;\"><span style=\"text-decoration: underline;\"><a title=\"Estudiar en Suecia\" href=\"http:\/\/thenordiccountries.com\/es\/estudiar-en-suecia\/\" target=\"_blank\"><span style=\"color: #0000ff; text-decoration: underline;\">E<\/span><\/a><\/span><span style=\"text-decoration: underline;\"><a title=\"Estudiar en Suecia\" href=\"http:\/\/thenordiccountries.com\/es\/estudiar-en-suecia\/\" target=\"_blank\"><span style=\"color: #0000ff; text-decoration: underline;\">studiar en Suecia<\/span><\/a><\/span><\/span><span style=\"color: #0000ff; text-decoration: underline;\"><br \/>\n<\/span><\/span><\/strong><\/li>\n<li><strong><span style=\"text-decoration: underline;\"><span style=\"color: #0000ff; text-decoration: underline;\">Perf\u00edl del pa\u00eds<\/span><\/span><\/strong><\/li>\n<li><strong><span style=\"text-decoration: underline;\"><span style=\"color: #0000ff; text-decoration: underline;\">Cultura Sueca<\/span><\/span><\/strong><\/li>\n<li><strong><span style=\"text-decoration: underline;\"><span style=\"color: #0000ff; text-decoration: underline;\">Arte Sueco<\/span><\/span><\/strong><\/li>\n<li><strong><span style=\"text-decoration: underline;\"><span style=\"color: #0000ff; text-decoration: underline;\">Historia de Suecia<br \/>\n<\/span><\/span><\/strong><\/li>\n<li><strong><span style=\"text-decoration: underline;\"><span style=\"color: #0000ff; text-decoration: underline;\">Gastronom\u00eda en Suecia<br \/>\n<\/span><\/span><\/strong><\/li>\n<li><strong><span style=\"text-decoration: underline;\"><span style=\"color: #0000ff; text-decoration: underline;\">Vivir en Suecia<\/span><\/span><\/strong><\/li>\n<\/ul>\n<\/ul>\n<p style=\"text-align: justify;\"><strong>Suecia<\/strong> es el m\u00e1s centrico de los paises n\u00f3rdicos. \u00a0Situado entre Noruega y Finlandia, pa\u00edses con las que comparte frontera, el territorio de Suecia es el m\u00e1s grande de Escandinavia, siendo Suecia el quinto pa\u00eds m\u00e1s grande de Europa. Tambi\u00e9n es el pa\u00eds escandinavo m\u00e1s poblado con m\u00e1s de 9 millones de habitantes.<\/p>\n<p style=\"text-align: justify;\"><img loading=\"lazy\" decoding=\"async\" class=\"alignright size-medium wp-image-113\" title=\"Thenordiccountries Sweden, Suecia, La Su\u00e8de mapa\" src=\"http:\/\/thenordiccountries.com\/es\/wp-content\/uploads\/2012\/01\/Thenordiccountries-Sweden-Suecia-La-Su\u00e8de-mapa-213x300.gif\" alt=\"\" width=\"213\" height=\"300\" srcset=\"http:\/\/thenordiccountries.com\/es\/wp-content\/uploads\/2012\/01\/Thenordiccountries-Sweden-Suecia-La-Su\u00e8de-mapa-213x300.gif 213w, http:\/\/thenordiccountries.com\/es\/wp-content\/uploads\/2012\/01\/Thenordiccountries-Sweden-Suecia-La-Su\u00e8de-mapa.gif 600w\" sizes=\"auto, (max-width: 213px) 100vw, 213px\" \/><\/p>\n<p style=\"text-align: justify;\">El idioma sueco es escandinavo y de origen germ\u00e1nico como sus familiares cercanos, el dan\u00e9s, noruego y el island\u00e9s. Suecia es una monarqu\u00eda parlamentaria, y se dice que es uno de los pa\u00edses con el\u00a0\u00a0nivel\u00a0m\u00e1s alto de vidabasado en el modelo de estado de bienestar n\u00f3rdico. Con su fama de un pa\u00eds liberal y moderno, Suecia fue un precursor en muchos avances sociales en el siglo XX, adem\u00e1s de destacar en el desarrollo de la eficacia energ\u00e9tica, la conservaci\u00f3n de la naturaleza y la protecci\u00f3n del medio ambiente.<\/p>\n<p style=\"text-align: justify;\">[ad]<\/p>\n<p style=\"text-align: justify;\">Se dice de los Suecos que son gente generosa y abierta a otras culturas. De hecho Suecia es el pa\u00eds n\u00f3rdico con mayores niveles de inmigraci\u00f3n. Para los Suecos la naturaleza es muy importante, y vale la pena visitar este pa\u00eds n\u00f3rdico aunque sea para ver a su hermosa capital\u00a0Estocolmo que,\u00a0construida entre las aguas del Mar B\u00e1ltico y el lago M\u00e4laren, parece una ciudad que flota encima de las aguas.<\/p>\n<ul>\n<ul>\n<li><span style=\"text-decoration: underline;\"><span style=\"color: #0000ff; text-decoration: underline;\"><strong>Galer\u00eda de fotos de Suecia<br \/>\n<\/strong><\/span><\/span><\/li>\n<li><span style=\"text-decoration: underline;\"><span style=\"color: #0000ff; text-decoration: underline;\"><strong>V\u00eddeos de Suecia<\/strong><\/span><\/span><\/li>\n<\/ul>\n<\/ul>\n<p style=\"text-align: justify;\"><strong><span style=\"color: #808080;\">Ver m\u00e1s sobre:<\/span> \u00a0 \u00a0 \u00a0<span style=\"color: #3366ff;\">Suecia \u00a0 \u00a0 Estocolmo \u00a0 \u00a0 Laponia \u00a0 \u00a0 Escandinavia<\/span><\/strong><\/p>\n","protected":false},"excerpt":{"rendered":"<p>[ad] Viajar a Suecia Estudiar en Suecia Perf\u00edl del pa\u00eds Cultura Sueca Arte Sueco Historia de Suecia Gastronom\u00eda en Suecia Vivir en Suecia Suecia es el m\u00e1s centrico de los paises n\u00f3rdicos. \u00a0Situado entre Noruega y Finlandia, pa\u00edses con las que comparte frontera, el territorio de Suecia es el m\u00e1s grande de Escandinavia, siendo Suecia [&hellip;]<\/p>\n","protected":false},"author":1,"featured_media":0,"parent":0,"menu_order":0,"comment_status":"closed","ping_status":"closed","template":"","meta":{"footnotes":""},"class_list":["post-36","page","type-page","status-publish","hentry"],"_links":{"self":[{"href":"http:\/\/thenordiccountries.com\/es\/wp-json\/wp\/v2\/pages\/36","targetHints":{"allow":["GET"]}}],"collection":[{"href":"http:\/\/thenordiccountries.com\/es\/wp-json\/wp\/v2\/pages"}],"about":[{"href":"http:\/\/thenordiccountries.com\/es\/wp-json\/wp\/v2\/types\/page"}],"author":[{"embeddable":true,"href":"http:\/\/thenordiccountries.com\/es\/wp-json\/wp\/v2\/users\/1"}],"replies":[{"embeddable":true,"href":"http:\/\/thenordiccountries.com\/es\/wp-json\/wp\/v2\/comments?post=36"}],"version-history":[{"count":19,"href":"http:\/\/thenordiccountries.com\/es\/wp-json\/wp\/v2\/pages\/36\/revisions"}],"predecessor-version":[{"id":739,"href":"http:\/\/thenordiccountries.com\/es\/wp-json\/wp\/v2\/pages\/36\/revisions\/739"}],"wp:attachment":[{"href":"http:\/\/thenordiccountries.com\/es\/wp-json\/wp\/v2\/media?parent=36"}],"curies":[{"name":"wp","href":"https:\/\/api.w.org\/{rel}","templated":true}]}}