{"id":38,"date":"2012-01-13T14:22:55","date_gmt":"2012-01-13T14:22:55","guid":{"rendered":"http:\/\/thenordiccountries.com\/es\/?page_id=38"},"modified":"2012-03-23T14:06:53","modified_gmt":"2012-03-23T14:06:53","slug":"noruega","status":"publish","type":"page","link":"http:\/\/thenordiccountries.com\/es\/noruega\/","title":{"rendered":"NORUEGA"},"content":{"rendered":"<p style=\"text-align: center;\"><a href=\"http:\/\/thenordiccountries.com\/es\/wp-content\/uploads\/2012\/01\/thenordiccountries.com-Norway-Noruega-Norw\u00e8ge.jpg\">[ad]<img loading=\"lazy\" decoding=\"async\" class=\"aligncenter size-full wp-image-140\" title=\"thenordiccountries.com Norway, Noruega, Norw\u00e8ge\" src=\"http:\/\/thenordiccountries.com\/es\/wp-content\/uploads\/2012\/01\/thenordiccountries.com-Norway-Noruega-Norw\u00e8ge.jpg\" alt=\"\" width=\"420\" height=\"312\" srcset=\"http:\/\/thenordiccountries.com\/es\/wp-content\/uploads\/2012\/01\/thenordiccountries.com-Norway-Noruega-Norw\u00e8ge.jpg 420w, http:\/\/thenordiccountries.com\/es\/wp-content\/uploads\/2012\/01\/thenordiccountries.com-Norway-Noruega-Norw\u00e8ge-300x222.jpg 300w, http:\/\/thenordiccountries.com\/es\/wp-content\/uploads\/2012\/01\/thenordiccountries.com-Norway-Noruega-Norw\u00e8ge-200x150.jpg 200w\" sizes=\"auto, (max-width: 420px) 100vw, 420px\" \/><\/a><\/p>\n<ul>\n<ul>\n<li><span style=\"text-decoration: underline; color: #0000ff;\"><span style=\"text-decoration: underline;\"><strong><a title=\"Viajar a Noruega\" href=\"http:\/\/thenordiccountries.com\/es\/viajar-a-noruega\/\" target=\"_blank\"><span style=\"color: #0000ff; text-decoration: underline;\">Viajar a Noruega<\/span><\/a><\/strong><\/span><\/span><\/li>\n<li><span style=\"text-decoration: underline;\"><span style=\"color: #0000ff; text-decoration: underline;\"><strong><span style=\"text-decoration: underline;\"><a title=\"Estudiar en Noruega\" href=\"http:\/\/thenordiccountries.com\/es\/estudiar-en-noruega\/\" target=\"_blank\"><span style=\"color: #0000ff; text-decoration: underline;\">E<\/span><\/a><\/span><a title=\"Estudiar en Noruega\" href=\"http:\/\/thenordiccountries.com\/es\/estudiar-en-noruega\/\" target=\"_blank\"><span style=\"color: #0000ff; text-decoration: underline;\">studiar en <\/span><\/a><\/strong><span style=\"text-decoration: underline;\"><strong><strong><a title=\"Estudiar en Noruega\" href=\"http:\/\/thenordiccountries.com\/es\/estudiar-en-noruega\/\" target=\"_blank\"><span style=\"color: #0000ff; text-decoration: underline;\">Noruega<\/span><\/a><\/strong><\/strong><\/span><\/span><span style=\"color: #0000ff; text-decoration: underline;\"><strong><br \/>\n<\/strong><\/span><\/span><\/li>\n<li><span style=\"text-decoration: underline;\"><span style=\"color: #0000ff; text-decoration: underline;\"><strong>Perf\u00edl del pa\u00eds<\/strong><\/span><\/span><\/li>\n<li><span style=\"text-decoration: underline;\"><span style=\"color: #0000ff; text-decoration: underline;\"><strong>Cultura <strong>Noruega<\/strong><br \/>\n<\/strong><\/span><\/span><\/li>\n<li><span style=\"text-decoration: underline;\"><span style=\"color: #0000ff; text-decoration: underline;\"><strong>Arte <strong>Noruego<\/strong><br \/>\n<\/strong><\/span><\/span><\/li>\n<li><span style=\"text-decoration: underline;\"><span style=\"color: #0000ff; text-decoration: underline;\"><strong>Historia de <strong>Noruega<\/strong><br \/>\n<\/strong><\/span><\/span><\/li>\n<li><span style=\"text-decoration: underline;\"><span style=\"color: #0000ff; text-decoration: underline;\"><strong>Gastronom\u00eda en <strong>Noruega<\/strong><br \/>\n<\/strong><\/span><\/span><\/li>\n<li><span style=\"text-decoration: underline;\"><span style=\"color: #0000ff; text-decoration: underline;\"><strong>Vivir en <strong>Noruega<\/strong><\/strong><\/span><\/span><\/li>\n<\/ul>\n<\/ul>\n<p style=\"text-align: justify;\"><strong>Noruega<\/strong> es el pa\u00eds n\u00f3rdico situado al oeste de la Europa septentrional formando la pen\u00ednsula Escandinava junto con Suecia, con la que comparte una larga frontera, estando tambi\u00e9n conectado con Finlandia y Rusia por el norte. Tambi\u00e9n forma parte de Noruega el archipi\u00e9lago \u00e1rtico de Svalbard y la Isla Bouvet. El cuarto pa\u00eds m\u00e1s poblado del norte de Europa tras Suecia, Dinamarca y Finlandia, Noruega tiene casi 5 millones de habitantes y es una monarqu\u00eda constitucional.<\/p>\n<p style=\"text-align: justify;\">El idioma noruego pertenece a la familia de las lenguas escandinavas que tiene su origen en la ra\u00edz germ\u00e1nica, como el sueco, el dan\u00e9s y el island\u00e9s. Lo que caracteriza a Noruega frente a los dem\u00e1s pa\u00edses n\u00f3rdicos es su<a href=\"http:\/\/thenordiccountries.com\/es\/wp-content\/uploads\/2012\/01\/thenordiccountries.com-FINLAND-FINLANDAI-FINLANDE-mapa.jpg\"><img loading=\"lazy\" decoding=\"async\" class=\"size-full wp-image-141 alignright\" title=\"thenordiccountries.com FINLAND, FINLANDAI, FINLANDE mapa\" src=\"http:\/\/thenordiccountries.com\/es\/wp-content\/uploads\/2012\/01\/thenordiccountries.com-FINLAND-FINLANDAI-FINLANDE-mapa.jpg\" alt=\"\" width=\"270\" height=\"288\" srcset=\"http:\/\/thenordiccountries.com\/es\/wp-content\/uploads\/2012\/01\/thenordiccountries.com-FINLAND-FINLANDAI-FINLANDE-mapa.jpg 375w, http:\/\/thenordiccountries.com\/es\/wp-content\/uploads\/2012\/01\/thenordiccountries.com-FINLAND-FINLANDAI-FINLANDE-mapa-281x300.jpg 281w\" sizes=\"auto, (max-width: 270px) 100vw, 270px\" \/><\/a> cercan\u00eda inmediata al Atl\u00e1ntico Norte y el Mar de Barents, lo que le proporciona los famosos paisajes con sus espectaculares &#8216;fjordos&#8217;. Por su beneficiosa situaci\u00f3n, Noruega tiene acceso a ricas reservas de recursos naturales como el petr\u00f3leo, gas natural, minerales, madera o agua dulce, patrimonio que le convierte en el pa\u00eds m\u00e1s rico del mundo por habitante. La pesca es igualmente una de las mayores actividades econ\u00f3micas de Noruega, \u00bfqui\u00e9n no ha probado alguna vez un delicioso salm\u00f3n noruego?<\/p>\n<p style=\"text-align: justify;\">[ad]<\/p>\n<p style=\"text-align: justify;\">Noruega no forma parte de la Uni\u00f3n Europea aunque mantiene estrechas relaciones con el resto de los pa\u00edses Europeos y con Estados Unidos. Noruega fue miembro fundador de las Naciones Unidas, de la OTAN, del Consejo de Europa y el Consejo N\u00f3rdico.<\/p>\n<p style=\"text-align: justify;\">Se dice que los noruegos son gente tranquila, amable y de esp\u00edritu generoso. Aunque a veces Noruega pueda parecer un poco caro para el turista de otro pa\u00eds, la visita merece\u00a0realmente\u00a0la pena aunque sea para ver sus maravillosos fjordos del norte o su hermosa capital Oslo situada al sur del pa\u00eds.<\/p>\n<ul>\n<ul>\n<li><span style=\"text-decoration: underline;\"><span style=\"color: #0000ff; text-decoration: underline;\"><strong>Galer\u00eda de fotos de\u00a0<strong>Noruega<\/strong><br \/>\n<\/strong><\/span><\/span><\/li>\n<li><span style=\"text-decoration: underline;\"><span style=\"color: #0000ff; text-decoration: underline;\"><strong>V\u00eddeos de\u00a0<strong>Noruega<\/strong><\/strong><\/span><\/span><\/li>\n<\/ul>\n<\/ul>\n","protected":false},"excerpt":{"rendered":"<p>[ad] Viajar a Noruega Estudiar en Noruega Perf\u00edl del pa\u00eds Cultura Noruega Arte Noruego Historia de Noruega Gastronom\u00eda en Noruega Vivir en Noruega Noruega es el pa\u00eds n\u00f3rdico situado al oeste de la Europa septentrional formando la pen\u00ednsula Escandinava junto con Suecia, con la que comparte una larga frontera, estando tambi\u00e9n conectado con Finlandia y [&hellip;]<\/p>\n","protected":false},"author":1,"featured_media":0,"parent":0,"menu_order":0,"comment_status":"closed","ping_status":"closed","template":"","meta":{"footnotes":""},"class_list":["post-38","page","type-page","status-publish","hentry"],"_links":{"self":[{"href":"http:\/\/thenordiccountries.com\/es\/wp-json\/wp\/v2\/pages\/38","targetHints":{"allow":["GET"]}}],"collection":[{"href":"http:\/\/thenordiccountries.com\/es\/wp-json\/wp\/v2\/pages"}],"about":[{"href":"http:\/\/thenordiccountries.com\/es\/wp-json\/wp\/v2\/types\/page"}],"author":[{"embeddable":true,"href":"http:\/\/thenordiccountries.com\/es\/wp-json\/wp\/v2\/users\/1"}],"replies":[{"embeddable":true,"href":"http:\/\/thenordiccountries.com\/es\/wp-json\/wp\/v2\/comments?post=38"}],"version-history":[{"count":14,"href":"http:\/\/thenordiccountries.com\/es\/wp-json\/wp\/v2\/pages\/38\/revisions"}],"predecessor-version":[{"id":740,"href":"http:\/\/thenordiccountries.com\/es\/wp-json\/wp\/v2\/pages\/38\/revisions\/740"}],"wp:attachment":[{"href":"http:\/\/thenordiccountries.com\/es\/wp-json\/wp\/v2\/media?parent=38"}],"curies":[{"name":"wp","href":"https:\/\/api.w.org\/{rel}","templated":true}]}}