{"id":40,"date":"2012-01-13T14:23:15","date_gmt":"2012-01-13T14:23:15","guid":{"rendered":"http:\/\/thenordiccountries.com\/es\/?page_id=40"},"modified":"2012-03-23T14:08:18","modified_gmt":"2012-03-23T14:08:18","slug":"islandia","status":"publish","type":"page","link":"http:\/\/thenordiccountries.com\/es\/islandia\/","title":{"rendered":"ISLANDIA"},"content":{"rendered":"<p style=\"text-align: center;\"><a href=\"http:\/\/thenordiccountries.com\/wp-content\/uploads\/2011\/12\/TheNordicCountries.com-Iceland-Islandia-Islande.jpg\">[ad]<img loading=\"lazy\" decoding=\"async\" class=\"aligncenter\" title=\"TheNordicCountries.com Iceland, Islandia, Islande\" src=\"http:\/\/thenordiccountries.com\/wp-content\/uploads\/2011\/12\/TheNordicCountries.com-Iceland-Islandia-Islande.jpg\" alt=\"\" width=\"500\" height=\"333\" \/><\/a><\/p>\n<div id=\"gt-res-wrap\">\n<div id=\"gt-res-content\">\n<div dir=\"ltr\">\n<ul>\n<ul>\n<li><span style=\"color: #0000ff;\"><strong><span style=\"text-decoration: underline;\"><span style=\"text-decoration: underline;\"><a title=\"Viajar a Islandia\" href=\"http:\/\/thenordiccountries.com\/es\/viajar-a-islandia\/\" target=\"_blank\"><span style=\"color: #0000ff; text-decoration: underline;\">Viajar a Islandia<\/span><\/a><\/span><\/span><\/strong><\/span><\/li>\n<li><span style=\"color: #0000ff;\"><strong><span style=\"text-decoration: underline;\"><span style=\"text-decoration: underline;\"><a title=\"Estudiar en Islandia\" href=\"http:\/\/thenordiccountries.com\/es\/estudiar-en-islandia\/\" target=\"_blank\"><span style=\"color: #0000ff; text-decoration: underline;\">Estudiar en Islandia<\/span><\/a><\/span><\/span><\/strong><\/span><\/li>\n<li><strong><span style=\"text-decoration: underline;\"><span style=\"color: #0000ff; text-decoration: underline;\">Perfil del Pa\u00eds<\/span><\/span><\/strong><\/li>\n<li><strong><span style=\"text-decoration: underline;\"><span style=\"color: #0000ff; text-decoration: underline;\">Cultura Islandesa<\/span><\/span><\/strong><\/li>\n<li><strong><span style=\"text-decoration: underline;\"><span style=\"color: #0000ff; text-decoration: underline;\">Arte Island\u00e9s<\/span><\/span><\/strong><\/li>\n<li><strong><span style=\"text-decoration: underline;\"><span style=\"color: #0000ff; text-decoration: underline;\">Historia de Islandia<\/span><\/span><\/strong><\/li>\n<li><strong><span style=\"text-decoration: underline;\"><span style=\"color: #0000ff; text-decoration: underline;\">Gastronom\u00eda en Islandia<\/span><\/span><\/strong><\/li>\n<li><strong><span style=\"text-decoration: underline;\"><span style=\"color: #0000ff; text-decoration: underline;\">Vivir en Islandia<\/span><\/span><\/strong><\/li>\n<\/ul>\n<\/ul>\n<\/div>\n<div dir=\"ltr\">\n<p style=\"text-align: justify;\"><strong>Islandia<\/strong> es el pa\u00eds n\u00f3rdico con la situaci\u00f3n m\u00e1s septentrional, con la excepci\u00f3n del territorio\u00a0independiente\u00a0de Groenlandia que pertenece a Dinamarca. Situado en el Oc\u00e9ano Atl\u00e1ntico Norte, y m\u00e1s espec\u00edficamente en la Dorsal mesoatl\u00e1ntica,\u00a0Islandia es un pa\u00eds insular que consiste, adem\u00e1s de la isla principal, de algunas islas m\u00e1s peque\u00f1as situado entre Groenlandia y Europa.\u00a0Islandia es el pa\u00eds escandinavos m\u00e1s peque\u00f1o tanto por su tama\u00f1o como por su poblaci\u00f3n, ya que el pa\u00eds entero cuenta con s\u00f3lo 331.000 habitantes.\u00a0Dos tercios de la poblaci\u00f3n islandesa se concentra en la zona de la capital Reykjavik.<\/p>\n<p style=\"text-align: justify;\">El territorio Island\u00e9s es geol\u00f3gica y volc\u00e1nicamente\u00a0activa y, a pesar de su extrema situaci\u00f3n septentrional, es calentada por la corriente del Golfo, del mismo modo que el resto del norte de<a href=\"http:\/\/thenordiccountries.com\/wp-content\/uploads\/2011\/12\/TheNordicCountries.com-Iceland-Islandia-Islande-mapa.gif\"><img loading=\"lazy\" decoding=\"async\" class=\"alignright\" title=\"TheNordicCountries.com Iceland, Islandia, Islande mapa\" src=\"http:\/\/thenordiccountries.com\/wp-content\/uploads\/2011\/12\/TheNordicCountries.com-Iceland-Islandia-Islande-mapa-279x300.gif\" alt=\"\" width=\"251\" height=\"270\" \/><\/a><br \/>\nEuropa.\u00a0El\u00a0idioma island\u00e9s forma parte de la familia de las lenguas escandinavas, que tiene su origen en las ra\u00edces germ\u00e1nicas, al igual que el sueco, el noruego y el dan\u00e9s. De hecho, los primeros habitantes de Islandia fueron los &#8220;norsemen&#8221; de los cuales la mayor\u00eda proven\u00edan del oeste de Noruega, y se establecieron en la isla por primera vez en el a\u00f1o 874 trayendo consigo los esclavos de origen celta. Se dice que el island\u00e9s actual sigue sonando muy parecido a los dialectos de las Islas Feroe y del oeste de Noruega.<\/p>\n<p style=\"text-align: justify;\">Basando su econom\u00eda en la pesca y la agricultura hasta el comienzo del siglo XX, hoy Islandia es uno de los pa\u00edses m\u00e1s desarrollados del mundo.\u00a0Con su peque\u00f1a poblaci\u00f3n, la gesti\u00f3n social de este pa\u00eds n\u00f3rdico se basa en el sistema de bienestar n\u00f3rdico, proporcionando educaci\u00f3n y seguridad social a todos los ciudadanos.<\/p>\n<p style=\"text-align: justify;\">[ad]<\/p>\n<p style=\"text-align: justify;\">Se dice que los islandeses son de buen coraz\u00f3n, generosos y amantes de los paisajes y la naturaleza. Y lo m\u00e1s ex\u00f3tico de Islandia tal vez sea precisamente su naturaleza; los <em>geysirs, (g\u00e9isers en espa\u00f1ol),\u00a0<\/em>\u00a0las termas naturales calentadas por el territorio volc\u00e1nico, o simplemente sus bellos paisajes, incluyendo la capital Reykjavik, una peque\u00f1a capital n\u00f3rdica, moderna y sorprendente que trae la luz\u00a0para el Oc\u00e9ano Atl\u00e1ntico Norte.<\/p>\n<\/div>\n<\/div>\n<\/div>\n<ul>\n<ul>\n<li><span style=\"text-decoration: underline;\"><span style=\"color: #0000ff; text-decoration: underline;\"><strong>Galer\u00eda de fotos de\u00a0Islandia<\/strong><\/span><\/span><\/li>\n<li><span style=\"text-decoration: underline;\"><span style=\"color: #0000ff; text-decoration: underline;\"><strong>V\u00eddeos de Islandia<\/strong><\/span><\/span><\/li>\n<\/ul>\n<\/ul>\n","protected":false},"excerpt":{"rendered":"<p>[ad] Viajar a Islandia Estudiar en Islandia Perfil del Pa\u00eds Cultura Islandesa Arte Island\u00e9s Historia de Islandia Gastronom\u00eda en Islandia Vivir en Islandia Islandia es el pa\u00eds n\u00f3rdico con la situaci\u00f3n m\u00e1s septentrional, con la excepci\u00f3n del territorio\u00a0independiente\u00a0de Groenlandia que pertenece a Dinamarca. Situado en el Oc\u00e9ano Atl\u00e1ntico Norte, y m\u00e1s espec\u00edficamente en la Dorsal [&hellip;]<\/p>\n","protected":false},"author":1,"featured_media":0,"parent":0,"menu_order":0,"comment_status":"closed","ping_status":"closed","template":"","meta":{"footnotes":""},"class_list":["post-40","page","type-page","status-publish","hentry"],"_links":{"self":[{"href":"http:\/\/thenordiccountries.com\/es\/wp-json\/wp\/v2\/pages\/40","targetHints":{"allow":["GET"]}}],"collection":[{"href":"http:\/\/thenordiccountries.com\/es\/wp-json\/wp\/v2\/pages"}],"about":[{"href":"http:\/\/thenordiccountries.com\/es\/wp-json\/wp\/v2\/types\/page"}],"author":[{"embeddable":true,"href":"http:\/\/thenordiccountries.com\/es\/wp-json\/wp\/v2\/users\/1"}],"replies":[{"embeddable":true,"href":"http:\/\/thenordiccountries.com\/es\/wp-json\/wp\/v2\/comments?post=40"}],"version-history":[{"count":15,"href":"http:\/\/thenordiccountries.com\/es\/wp-json\/wp\/v2\/pages\/40\/revisions"}],"predecessor-version":[{"id":741,"href":"http:\/\/thenordiccountries.com\/es\/wp-json\/wp\/v2\/pages\/40\/revisions\/741"}],"wp:attachment":[{"href":"http:\/\/thenordiccountries.com\/es\/wp-json\/wp\/v2\/media?parent=40"}],"curies":[{"name":"wp","href":"https:\/\/api.w.org\/{rel}","templated":true}]}}