{"id":46,"date":"2012-01-13T14:24:59","date_gmt":"2012-01-13T14:24:59","guid":{"rendered":"http:\/\/thenordiccountries.com\/es\/?page_id=46"},"modified":"2012-03-23T12:52:14","modified_gmt":"2012-03-23T12:52:14","slug":"laponia","status":"publish","type":"page","link":"http:\/\/thenordiccountries.com\/es\/laponia\/","title":{"rendered":"LAPONIA"},"content":{"rendered":"<p style=\"text-align: center;\"><a href=\"http:\/\/thenordiccountries.com\/es\/wp-content\/uploads\/2012\/01\/Thenordiccountries.com-LAPLAND-LAPONIA-LAPONIE.jpg\">[ad]<img loading=\"lazy\" decoding=\"async\" class=\"aligncenter size-full wp-image-193\" title=\"Thenordiccountries.com LAPLAND, LAPONIA, LAPONIE\" src=\"http:\/\/thenordiccountries.com\/es\/wp-content\/uploads\/2012\/01\/Thenordiccountries.com-LAPLAND-LAPONIA-LAPONIE.jpg\" alt=\"\" width=\"560\" height=\"420\" srcset=\"http:\/\/thenordiccountries.com\/es\/wp-content\/uploads\/2012\/01\/Thenordiccountries.com-LAPLAND-LAPONIA-LAPONIE.jpg 800w, http:\/\/thenordiccountries.com\/es\/wp-content\/uploads\/2012\/01\/Thenordiccountries.com-LAPLAND-LAPONIA-LAPONIE-300x225.jpg 300w, http:\/\/thenordiccountries.com\/es\/wp-content\/uploads\/2012\/01\/Thenordiccountries.com-LAPLAND-LAPONIA-LAPONIE-200x150.jpg 200w\" sizes=\"auto, (max-width: 560px) 100vw, 560px\" \/><\/a><\/p>\n<ul>\n<ul>\n<li><span style=\"color: #0000ff;\"><strong><span style=\"text-decoration: underline;\"><span style=\"text-decoration: underline;\"><a title=\"Viajar a Laponia\" href=\"http:\/\/thenordiccountries.com\/es\/viajar-a-laponia\/\" target=\"_blank\"><span style=\"color: #0000ff; text-decoration: underline;\">Viajar a Laponia<\/span><\/a><\/span><\/span><\/strong><\/span><\/li>\n<li><strong><span style=\"text-decoration: underline;\"><span style=\"color: #0000ff; text-decoration: underline;\">Estudiar en\u00a0Laponia<\/span><\/span><\/strong><\/li>\n<li><strong><span style=\"text-decoration: underline;\"><span style=\"color: #0000ff; text-decoration: underline;\">Cultura de\u00a0Laponia<br \/>\n<\/span><\/span><\/strong><\/li>\n<li><strong><span style=\"text-decoration: underline;\"><span style=\"color: #0000ff; text-decoration: underline;\">Arte Lapon\u00e9s<\/span><\/span><\/strong><\/li>\n<li><strong><span style=\"text-decoration: underline;\"><span style=\"color: #0000ff; text-decoration: underline;\">Historia de\u00a0Laponia<br \/>\n<\/span><\/span><\/strong><\/li>\n<li><strong><span style=\"text-decoration: underline;\"><span style=\"color: #0000ff; text-decoration: underline;\">Gastronom\u00eda en\u00a0Laponia<\/span><\/span><\/strong><\/li>\n<li><strong><span style=\"text-decoration: underline;\"><span style=\"color: #0000ff; text-decoration: underline;\">Vivir en\u00a0Laponia<\/span><\/span><\/strong><\/li>\n<\/ul>\n<\/ul>\n<p><strong>Laponia<\/strong> es una regi\u00f3n geogr\u00e1fica en el norte de Europa que se constituye de las partes m\u00e1s septentrionales de Noruega, Suecia, Finlandia y Rusia. Limitada por el norte por el Oceano Glacial \u00c1rtico, por el oeste por el Mar de Noruega y por el este por el Mar de Barents, la regi\u00f3n de Laponia se caracteriza por su poblaci\u00f3n Saami, o Sami, la minor\u00eda ind\u00edgena de la regi\u00f3n tambi\u00e9n llamados los Lapones. Hoy en d\u00eda hay unos 133.000 Samis en el mundo, y se dice que son el pueblo m\u00e1s antiguo de Europa del Norte con evidencias de su presencia en la zona que datan de entre 11.000 a 6000 a\u00f1os hasta hoy.\u00a0Hoy en d\u00eda el pueblo Saami reivindica su derecho al estatus de pueblo ind\u00edgena del norte.<\/p>\n<p style=\"text-align: justify;\">El idioma de los Lapones, el sami, \u00a0es de origen ur\u00e1lico y se divide en varios dialectos dependiendo de la regi\u00f3n.La mayor industria del pueblo Sami a trav\u00e9s de la historia ha sido la pesca y la caza de renos salvajes. Hoy en<a href=\"http:\/\/thenordiccountries.com\/es\/wp-content\/uploads\/2012\/01\/Thenordiccountries.com-LAPLAND-LAPONIA-LAPONIE-MAPA.png\"><img loading=\"lazy\" decoding=\"async\" class=\"size-medium wp-image-194 alignright\" title=\"Thenordiccountries.com LAPLAND, LAPONIA, LAPONIE MAPA\" src=\"http:\/\/thenordiccountries.com\/es\/wp-content\/uploads\/2012\/01\/Thenordiccountries.com-LAPLAND-LAPONIA-LAPONIE-MAPA-300x284.png\" alt=\"\" width=\"240\" height=\"227\" srcset=\"http:\/\/thenordiccountries.com\/es\/wp-content\/uploads\/2012\/01\/Thenordiccountries.com-LAPLAND-LAPONIA-LAPONIE-MAPA-300x284.png 300w, http:\/\/thenordiccountries.com\/es\/wp-content\/uploads\/2012\/01\/Thenordiccountries.com-LAPLAND-LAPONIA-LAPONIE-MAPA.png 452w\" sizes=\"auto, (max-width: 240px) 100vw, 240px\" \/><\/a> d\u00eda s\u00f3lo un 10% de los Sami se dedican ya a la cr\u00eda del reno, aunque esta industria especializada del norte sigue formando parte de la cultura lapona de forma muy significativa. Los lapones son tambi\u00e9n h\u00e1biles manufactureros y muchos ganan su vida hoy en d\u00eda con el turismo. Los bellos paisajes de Laponia probablemente est\u00e9n en su estado m\u00e1s bello en invierno, \u00e9poca perfecta para los deportes de nieve, aunque durante los meses m\u00e1s fr\u00edos de invierno, las temperaturas pueden bajar \u00a0hasta -50 grados cent\u00edgrados dado a la situaci\u00f3n polar de la zona; la mayor parte de Laponia se situa por encima del c\u00edrculo polar.<\/p>\n<p style=\"text-align: justify;\">[ad]<\/p>\n<p style=\"text-align: justify;\">Aunque sea por visitar sus n\u00f3rdicos paisajes, ver el sol de medianoche o las luces de la <em>aurora boreal,\u00a0<\/em> pescar con mosca en sus famosos y turbulentos r\u00edos, o por ver sus colinas forestales en pleno invierno, Laponia es uno de los destinos de viaje m\u00e1s\u00a0ex\u00f3ticos en todo el mundo. Adem\u00e1s, Laponia tiene mucho que ofrecer tambi\u00e9n al que est\u00e9 buscando conocer las costumbres populares y las artes de los pueblos m\u00e1s n\u00f3rdicos Europa; el precioso canto lapon\u00e9s llamado\u00a0<em>Yoik,\u00a0<\/em>los bellos trajes tradicionales de los lapones, o los m\u00e1gicos ritos populares del pueblo Sami junto con sus\u00a0deliciosas comidas con reno y salm\u00f3n seducen a cualquier viajero.<\/p>\n<ul>\n<ul>\n<li><span style=\"text-decoration: underline;\"><span style=\"color: #0000ff; text-decoration: underline;\"><strong>Galer\u00eda de fotos de\u00a0Laponia<br \/>\n<\/strong><\/span><\/span><\/li>\n<li><span style=\"text-decoration: underline;\"><span style=\"color: #0000ff; text-decoration: underline;\"><strong>V\u00eddeos de\u00a0Laponia<\/strong><\/span><\/span><\/li>\n<\/ul>\n<\/ul>\n","protected":false},"excerpt":{"rendered":"<p>[ad] Viajar a Laponia Estudiar en\u00a0Laponia Cultura de\u00a0Laponia Arte Lapon\u00e9s Historia de\u00a0Laponia Gastronom\u00eda en\u00a0Laponia Vivir en\u00a0Laponia Laponia es una regi\u00f3n geogr\u00e1fica en el norte de Europa que se constituye de las partes m\u00e1s septentrionales de Noruega, Suecia, Finlandia y Rusia. Limitada por el norte por el Oceano Glacial \u00c1rtico, por el oeste por el Mar [&hellip;]<\/p>\n","protected":false},"author":1,"featured_media":193,"parent":0,"menu_order":0,"comment_status":"closed","ping_status":"closed","template":"","meta":{"footnotes":""},"class_list":["post-46","page","type-page","status-publish","has-post-thumbnail","hentry"],"_links":{"self":[{"href":"http:\/\/thenordiccountries.com\/es\/wp-json\/wp\/v2\/pages\/46","targetHints":{"allow":["GET"]}}],"collection":[{"href":"http:\/\/thenordiccountries.com\/es\/wp-json\/wp\/v2\/pages"}],"about":[{"href":"http:\/\/thenordiccountries.com\/es\/wp-json\/wp\/v2\/types\/page"}],"author":[{"embeddable":true,"href":"http:\/\/thenordiccountries.com\/es\/wp-json\/wp\/v2\/users\/1"}],"replies":[{"embeddable":true,"href":"http:\/\/thenordiccountries.com\/es\/wp-json\/wp\/v2\/comments?post=46"}],"version-history":[{"count":11,"href":"http:\/\/thenordiccountries.com\/es\/wp-json\/wp\/v2\/pages\/46\/revisions"}],"predecessor-version":[{"id":736,"href":"http:\/\/thenordiccountries.com\/es\/wp-json\/wp\/v2\/pages\/46\/revisions\/736"}],"wp:featuredmedia":[{"embeddable":true,"href":"http:\/\/thenordiccountries.com\/es\/wp-json\/wp\/v2\/media\/193"}],"wp:attachment":[{"href":"http:\/\/thenordiccountries.com\/es\/wp-json\/wp\/v2\/media?parent=46"}],"curies":[{"name":"wp","href":"https:\/\/api.w.org\/{rel}","templated":true}]}}