{"id":48,"date":"2012-01-13T14:25:20","date_gmt":"2012-01-13T14:25:20","guid":{"rendered":"http:\/\/thenordiccountries.com\/es\/?page_id=48"},"modified":"2012-03-23T14:10:48","modified_gmt":"2012-03-23T14:10:48","slug":"groenlandia","status":"publish","type":"page","link":"http:\/\/thenordiccountries.com\/es\/groenlandia\/","title":{"rendered":"GROENLANDIA"},"content":{"rendered":"<p style=\"text-align: center;\"><a href=\"http:\/\/thenordiccountries.com\/es\/wp-content\/uploads\/2012\/01\/THENORDICCOUNTRIES.COM-GREENLAND-GROENLANDIA-GROENLAND.jpg\">[ad]<img loading=\"lazy\" decoding=\"async\" class=\"aligncenter size-full wp-image-201\" title=\"THENORDICCOUNTRIES.COM GREENLAND, GROENLANDIA, GROENLAND\" src=\"http:\/\/thenordiccountries.com\/es\/wp-content\/uploads\/2012\/01\/THENORDICCOUNTRIES.COM-GREENLAND-GROENLANDIA-GROENLAND.jpg\" alt=\"\" width=\"560\" height=\"378\" srcset=\"http:\/\/thenordiccountries.com\/es\/wp-content\/uploads\/2012\/01\/THENORDICCOUNTRIES.COM-GREENLAND-GROENLANDIA-GROENLAND.jpg 800w, http:\/\/thenordiccountries.com\/es\/wp-content\/uploads\/2012\/01\/THENORDICCOUNTRIES.COM-GREENLAND-GROENLANDIA-GROENLAND-300x202.jpg 300w\" sizes=\"auto, (max-width: 560px) 100vw, 560px\" \/><\/a><\/p>\n<ul>\n<ul>\n<li><span style=\"text-decoration: underline; color: #0000ff;\"><span style=\"text-decoration: underline;\"><strong><a title=\"Viajar a Groenlandia\" href=\"http:\/\/thenordiccountries.com\/es\/viajar-a-groenlandia\/\" target=\"_blank\"><span style=\"color: #0000ff; text-decoration: underline;\">Viajar a Groenlandia<\/span><\/a><\/strong><\/span><\/span><\/li>\n<li><span style=\"text-decoration: underline;\"><span style=\"color: #0000ff; text-decoration: underline;\"><strong><a title=\"Estudiar en Groenlandia\" href=\"http:\/\/thenordiccountries.com\/es\/estudiar-en-groenlandia\/\" target=\"_blank\"><span style=\"color: #0000ff; text-decoration: underline;\">Estudiar en\u00a0<\/span><\/a><\/strong><span style=\"text-decoration: underline;\"><strong><strong><a title=\"Estudiar en Groenlandia\" href=\"http:\/\/thenordiccountries.com\/es\/estudiar-en-groenlandia\/\" target=\"_blank\"><span style=\"color: #0000ff; text-decoration: underline;\">Groenlandia<\/span><\/a><\/strong><\/strong><\/span><\/span><span style=\"color: #0000ff; text-decoration: underline;\"><strong><br \/>\n<\/strong><\/span><\/span><\/li>\n<li><span style=\"text-decoration: underline;\"><span style=\"color: #0000ff; text-decoration: underline;\"><strong>Cultura de\u00a0<strong>Groenlandia<\/strong><br \/>\n<\/strong><\/span><\/span><\/li>\n<li><span style=\"text-decoration: underline;\"><span style=\"color: #0000ff; text-decoration: underline;\"><strong>Arte Groenland\u00e9s<\/strong><\/span><\/span><\/li>\n<li><span style=\"text-decoration: underline;\"><span style=\"color: #0000ff; text-decoration: underline;\"><strong>Historia de\u00a0<strong>Groenlandia<\/strong><br \/>\n<\/strong><\/span><\/span><\/li>\n<li><span style=\"text-decoration: underline;\"><span style=\"color: #0000ff; text-decoration: underline;\"><strong>Gastronom\u00eda en\u00a0<strong>Groenlandia<\/strong><br \/>\n<\/strong><\/span><\/span><\/li>\n<li><span style=\"text-decoration: underline;\"><span style=\"color: #0000ff; text-decoration: underline;\"><strong>Vivir en\u00a0<strong>Groenlandia<\/strong><\/strong><\/span><\/span><\/li>\n<\/ul>\n<\/ul>\n<p><strong>Groenlandia<\/strong>, Kalaallit Nunaat en groenland\u00e9s, es una regi\u00f3n aut\u00f3noma que pertenece al Reino de Dinamarca situado entre el Oc\u00e9ano Atlantico Norte y el Oc\u00e9ano Glacial \u00c1rtico. Considerada como la isla m\u00e1s grande del mundo con sus 2 millones de kil\u00f3metros cuadrados de superficie,\u00a0Groenlandia pertenece\u00a0geogr\u00e1ficamente al norte de Am\u00e9rica, aun siendo pol\u00edticamente dan\u00e9s. De clima \u00e1rtico, la mayor parte de la isla est\u00e1 cubierta por hielo, concentr\u00e1ndose la poblaci\u00f3n en la parte deshelada que cubre unos 350.000 km2. A pesar de su situaci\u00f3n polar, en esta zona sin hielo es posible incluso ejercitar la agricultura.<\/p>\n<p style=\"text-align: justify;\">Groenlandia ha sido habitada por los<em> inuit <\/em>\u00a0de Canad\u00e1 desde los \u00faltimos 4500-5000 a\u00f1os, y se sabe que fue tambi\u00e9n descubierta por los <em>Norsemen<\/em> (normandos del norte) en el siglo X. en el siglo XIII la isla volvi\u00f3 a recibir<a href=\"http:\/\/thenordiccountries.com\/es\/wp-content\/uploads\/2012\/01\/THENORDICCOUNTRIES.COM-GREENLAND-GROENLANDIA-GROENLAND-MAPA.png\"><img loading=\"lazy\" decoding=\"async\" class=\"alignright size-full wp-image-202\" title=\"THENORDICCOUNTRIES.COM GREENLAND, GROENLANDIA, GROENLAND MAPA\" src=\"http:\/\/thenordiccountries.com\/es\/wp-content\/uploads\/2012\/01\/THENORDICCOUNTRIES.COM-GREENLAND-GROENLANDIA-GROENLAND-MAPA.png\" alt=\"\" width=\"210\" height=\"350\" srcset=\"http:\/\/thenordiccountries.com\/es\/wp-content\/uploads\/2012\/01\/THENORDICCOUNTRIES.COM-GREENLAND-GROENLANDIA-GROENLAND-MAPA.png 300w, http:\/\/thenordiccountries.com\/es\/wp-content\/uploads\/2012\/01\/THENORDICCOUNTRIES.COM-GREENLAND-GROENLANDIA-GROENLAND-MAPA-180x300.png 180w\" sizes=\"auto, (max-width: 210px) 100vw, 210px\" \/><\/a> una nueva oleada de poblaci\u00f3n inuita y en siglo XV los <em>norsemen <\/em>abandonaron sus colonias. El contacto con Escandinavia se volvi\u00f3 a retomar en el siglo XVIII y se estableci\u00f3 como colonia danesa. Hoy en d\u00eda la poblaci\u00f3n cuenta aproximadamente con unos 57.000 habitantes, de los cuales 89% son de origen inuit y 11% de origen dan\u00e9s.<\/p>\n<p style=\"text-align: justify;\">El idioma groenland\u00e9s pertenece a la familia de lenguas esquimo-aleutianas, siendo una de las m\u00e1s habladas de la herencia lingu\u00edstica de origen inuit\u00ed. Desde 2009 es el \u00fanico idioma oficial de Groenlandia, donde antes el dan\u00e9s hab\u00eda ocupado el lugar de la segunda lengua oficial. Algunos de los dialectos groenlandeses est\u00e1n considerados en peligro de extinci\u00f3n por la UNESCO.<\/p>\n<p style=\"text-align: justify;\">[ad]<\/p>\n<p style=\"text-align: justify;\">La mayor industria de Groenlandia es la pesca y su exportaci\u00f3n, especialmente la de la gamba. La caza de focas representa igualmente una industria tradicional de la isla. Groenlandia es igualmente rica en minerales y tiene un sector de servicios y turismo cada vez m\u00e1s activo. De hecho, es uno de los destinos m\u00e1s ex\u00f3ticos para los que quieran descubrir la experiencia de ver grandes glaciares. Tambi\u00e9n en interesante visitar en verano por sus incre\u00edbles prados verdes, tal y como lo describe su nombre en dan\u00e9s; Groenland, que significa <em>tierra verde.\u00a0<\/em><\/p>\n<ul>\n<ul>\n<li><span style=\"text-decoration: underline;\"><span style=\"color: #0000ff; text-decoration: underline;\"><strong>Galer\u00eda de fotos de\u00a0<strong>Groenlandia<\/strong><br \/>\n<\/strong><\/span><\/span><\/li>\n<li><span style=\"text-decoration: underline;\"><span style=\"color: #0000ff; text-decoration: underline;\"><strong>V\u00eddeos de\u00a0<strong>Groenlandia<\/strong><\/strong><\/span><\/span><\/li>\n<\/ul>\n<\/ul>\n","protected":false},"excerpt":{"rendered":"<p>[ad] Viajar a Groenlandia Estudiar en\u00a0Groenlandia Cultura de\u00a0Groenlandia Arte Groenland\u00e9s Historia de\u00a0Groenlandia Gastronom\u00eda en\u00a0Groenlandia Vivir en\u00a0Groenlandia Groenlandia, Kalaallit Nunaat en groenland\u00e9s, es una regi\u00f3n aut\u00f3noma que pertenece al Reino de Dinamarca situado entre el Oc\u00e9ano Atlantico Norte y el Oc\u00e9ano Glacial \u00c1rtico. Considerada como la isla m\u00e1s grande del mundo con sus 2 millones de [&hellip;]<\/p>\n","protected":false},"author":1,"featured_media":201,"parent":0,"menu_order":0,"comment_status":"closed","ping_status":"closed","template":"","meta":{"footnotes":""},"class_list":["post-48","page","type-page","status-publish","has-post-thumbnail","hentry"],"_links":{"self":[{"href":"http:\/\/thenordiccountries.com\/es\/wp-json\/wp\/v2\/pages\/48","targetHints":{"allow":["GET"]}}],"collection":[{"href":"http:\/\/thenordiccountries.com\/es\/wp-json\/wp\/v2\/pages"}],"about":[{"href":"http:\/\/thenordiccountries.com\/es\/wp-json\/wp\/v2\/types\/page"}],"author":[{"embeddable":true,"href":"http:\/\/thenordiccountries.com\/es\/wp-json\/wp\/v2\/users\/1"}],"replies":[{"embeddable":true,"href":"http:\/\/thenordiccountries.com\/es\/wp-json\/wp\/v2\/comments?post=48"}],"version-history":[{"count":16,"href":"http:\/\/thenordiccountries.com\/es\/wp-json\/wp\/v2\/pages\/48\/revisions"}],"predecessor-version":[{"id":743,"href":"http:\/\/thenordiccountries.com\/es\/wp-json\/wp\/v2\/pages\/48\/revisions\/743"}],"wp:featuredmedia":[{"embeddable":true,"href":"http:\/\/thenordiccountries.com\/es\/wp-json\/wp\/v2\/media\/201"}],"wp:attachment":[{"href":"http:\/\/thenordiccountries.com\/es\/wp-json\/wp\/v2\/media?parent=48"}],"curies":[{"name":"wp","href":"https:\/\/api.w.org\/{rel}","templated":true}]}}