{"id":51,"date":"2012-01-13T14:26:01","date_gmt":"2012-01-13T14:26:01","guid":{"rendered":"http:\/\/thenordiccountries.com\/es\/?page_id=51"},"modified":"2012-03-23T14:13:06","modified_gmt":"2012-03-23T14:13:06","slug":"svalbard","status":"publish","type":"page","link":"http:\/\/thenordiccountries.com\/es\/svalbard\/","title":{"rendered":"SVALBARD"},"content":{"rendered":"<p style=\"text-align: center;\"><a href=\"http:\/\/thenordiccountries.com\/es\/wp-content\/uploads\/2012\/01\/THENORDICCOUNTRIES.COM-SVALBARD-Longyearbyen4.jpg\">[ad]<img loading=\"lazy\" decoding=\"async\" class=\"aligncenter size-full wp-image-213\" title=\"THENORDICCOUNTRIES.COM SVALBARD Longyearbyen\" src=\"http:\/\/thenordiccountries.com\/es\/wp-content\/uploads\/2012\/01\/THENORDICCOUNTRIES.COM-SVALBARD-Longyearbyen4.jpg\" alt=\"\" width=\"560\" height=\"364\" srcset=\"http:\/\/thenordiccountries.com\/es\/wp-content\/uploads\/2012\/01\/THENORDICCOUNTRIES.COM-SVALBARD-Longyearbyen4.jpg 700w, http:\/\/thenordiccountries.com\/es\/wp-content\/uploads\/2012\/01\/THENORDICCOUNTRIES.COM-SVALBARD-Longyearbyen4-300x195.jpg 300w\" sizes=\"auto, (max-width: 560px) 100vw, 560px\" \/><\/a><\/p>\n<ul>\n<ul>\n<li><span style=\"text-decoration: underline; color: #0000ff;\"><strong><a title=\"Viajar a Svalbard\" href=\"http:\/\/thenordiccountries.com\/es\/viajar-a-svalbard\/\" target=\"_blank\"><span style=\"color: #0000ff; text-decoration: underline;\">Viajar a Svalbard<\/span><\/a><\/strong><\/span><\/li>\n<li><span style=\"color: #0000ff;\"><span style=\"text-decoration: underline;\"><strong><a title=\"Estudiar en Svalbard\" href=\"http:\/\/thenordiccountries.com\/es\/estudiar-en-svalbard\/\" target=\"_blank\"><span style=\"color: #0000ff; text-decoration: underline;\">Estudiar en\u00a0<\/span><\/a><\/strong><\/span><span style=\"text-decoration: underline;\"><strong><strong><a title=\"Estudiar en Svalbard\" href=\"http:\/\/thenordiccountries.com\/es\/estudiar-en-svalbard\/\" target=\"_blank\"><span style=\"color: #0000ff; text-decoration: underline;\">Svalbard<\/span><\/a><\/strong><\/strong><\/span><\/span><span style=\"text-decoration: underline; color: #0000ff;\"><strong><br \/>\n<\/strong><\/span><\/li>\n<li><span style=\"text-decoration: underline; color: #0000ff;\"><strong>Cultura de\u00a0<strong>Svalbard<\/strong><br \/>\n<\/strong><\/span><\/li>\n<li><span style=\"text-decoration: underline; color: #0000ff;\"><strong>Arte <strong>Svalbardiano<\/strong><br \/>\n<\/strong><\/span><\/li>\n<li><span style=\"text-decoration: underline; color: #0000ff;\"><strong>Historia de\u00a0<strong>Svalbard<\/strong><br \/>\n<\/strong><\/span><\/li>\n<li><span style=\"text-decoration: underline; color: #0000ff;\"><strong>Gastronom\u00eda en\u00a0<strong>Svalbard<\/strong><br \/>\n<\/strong><\/span><\/li>\n<li><span style=\"text-decoration: underline; color: #0000ff;\"><strong>Vivir en\u00a0<strong>Svalbard<\/strong><\/strong><\/span><\/li>\n<\/ul>\n<\/ul>\n<p><strong>Svalbard<\/strong> es un archipi\u00e9lago perteneciente al Reino de Noruega en el Oc\u00e9ano Glacial \u00c1rtico, situado m\u00e1s o menos a medio camino entre Noruega y el Polo Norte. S\u00f3lo tres de las Islas de Svalbard est\u00e1n habitadas, la m\u00e1s grande llamada Spitsbergen, Hopen y\u00a0Bj\u00f8rn\u00f8ya (La Isla del Oso). Este territorio de ultramar de Noruega cuenta con tan s\u00f3lo unos 2400 habitantes, de los cuales la gran mayor\u00eda viven en\u00a0el poblado de Longyearbyen en la isla de Spitsbergen. El territorio de Svalbard cuenta con unos 61.000 km2, cuya mayor parte est\u00e1 cubierta de hielo.<\/p>\n<p style=\"text-align: justify;\">Aunque hay indicios para creer que Svalbard fue descubierto por los<em> norsemen<\/em> en el siglo XII, oficialmente el descubrimiento del archipi\u00e9lago se contribuye al holand\u00e9s Willem Barents en 1596. Durante los siglos<a href=\"http:\/\/thenordiccountries.com\/es\/wp-content\/uploads\/2012\/01\/THENORDICCOUNTRIES.COM-SVALBARD-MAPA.png\"><img loading=\"lazy\" decoding=\"async\" class=\"alignright size-medium wp-image-214\" title=\"THENORDICCOUNTRIES.COM SVALBARD MAPA\" src=\"http:\/\/thenordiccountries.com\/es\/wp-content\/uploads\/2012\/01\/THENORDICCOUNTRIES.COM-SVALBARD-MAPA-295x300.png\" alt=\"\" width=\"295\" height=\"300\" srcset=\"http:\/\/thenordiccountries.com\/es\/wp-content\/uploads\/2012\/01\/THENORDICCOUNTRIES.COM-SVALBARD-MAPA-295x300.png 295w, http:\/\/thenordiccountries.com\/es\/wp-content\/uploads\/2012\/01\/THENORDICCOUNTRIES.COM-SVALBARD-MAPA.png 590w\" sizes=\"auto, (max-width: 295px) 100vw, 295px\" \/><\/a> XVII y XVIII las islas sirvieron de base para los holandeses, vascos e ingleses en pesca de ballenas. En 1920 el tratado de Svalbard reconoci\u00f3 que las islas pertenec\u00edan a Noruega.<\/p>\n<p style=\"text-align: justify;\">Unos 60% de los habitantes de Svalbard son noruegos y el restante 40% rusos y ucranianos. La actividad principal en la isla se centra en la mina estatal noruega de carb\u00f3n que tiene contratada al 60% de la poblaci\u00f3n, siendo la pesca y la caza tambi\u00e9n actividades t\u00edpicas. Svalbard es un importante centro de investigaci\u00f3n de las zonas polares con centros de medici\u00f3n de tormentas polares \u00a0y de la fauna polar; en Svalbard hay osos y zorros polares. En 2008 se estableci\u00f3 en las islas un importante banco de semillas que guarda las semillas de las plantas industriales m\u00e1s importantes en el mundo.<\/p>\n<p style=\"text-align: justify;\">[ad]<\/p>\n<p style=\"text-align: justify;\">Gracias a su situaci\u00f3n polar, Svalbard se caracteriza por los contrastes; miles de turistas visitan cada a\u00f1o su precioso archipi\u00e9lago para ver el sol de medianoche en verano y la noche polar en invierno adem\u00e1s de sus masivos glaciares.<\/p>\n<ul>\n<ul>\n<li><span style=\"text-decoration: underline;\"><span style=\"color: #0000ff; text-decoration: underline;\"><strong>Galer\u00eda de fotos de\u00a0<strong>Svalbard<\/strong><br \/>\n<\/strong><\/span><\/span><\/li>\n<li><span style=\"text-decoration: underline;\"><span style=\"color: #0000ff; text-decoration: underline;\"><strong><strong>V\u00eddeos de\u00a0<strong>Svalbard<\/strong><\/strong><\/strong><\/span><\/span><\/li>\n<\/ul>\n<\/ul>\n","protected":false},"excerpt":{"rendered":"<p>[ad] Viajar a Svalbard Estudiar en\u00a0Svalbard Cultura de\u00a0Svalbard Arte Svalbardiano Historia de\u00a0Svalbard Gastronom\u00eda en\u00a0Svalbard Vivir en\u00a0Svalbard Svalbard es un archipi\u00e9lago perteneciente al Reino de Noruega en el Oc\u00e9ano Glacial \u00c1rtico, situado m\u00e1s o menos a medio camino entre Noruega y el Polo Norte. S\u00f3lo tres de las Islas de Svalbard est\u00e1n habitadas, la m\u00e1s grande [&hellip;]<\/p>\n","protected":false},"author":1,"featured_media":213,"parent":0,"menu_order":0,"comment_status":"closed","ping_status":"closed","template":"","meta":{"footnotes":""},"class_list":["post-51","page","type-page","status-publish","has-post-thumbnail","hentry"],"_links":{"self":[{"href":"http:\/\/thenordiccountries.com\/es\/wp-json\/wp\/v2\/pages\/51","targetHints":{"allow":["GET"]}}],"collection":[{"href":"http:\/\/thenordiccountries.com\/es\/wp-json\/wp\/v2\/pages"}],"about":[{"href":"http:\/\/thenordiccountries.com\/es\/wp-json\/wp\/v2\/types\/page"}],"author":[{"embeddable":true,"href":"http:\/\/thenordiccountries.com\/es\/wp-json\/wp\/v2\/users\/1"}],"replies":[{"embeddable":true,"href":"http:\/\/thenordiccountries.com\/es\/wp-json\/wp\/v2\/comments?post=51"}],"version-history":[{"count":18,"href":"http:\/\/thenordiccountries.com\/es\/wp-json\/wp\/v2\/pages\/51\/revisions"}],"predecessor-version":[{"id":746,"href":"http:\/\/thenordiccountries.com\/es\/wp-json\/wp\/v2\/pages\/51\/revisions\/746"}],"wp:featuredmedia":[{"embeddable":true,"href":"http:\/\/thenordiccountries.com\/es\/wp-json\/wp\/v2\/media\/213"}],"wp:attachment":[{"href":"http:\/\/thenordiccountries.com\/es\/wp-json\/wp\/v2\/media?parent=51"}],"curies":[{"name":"wp","href":"https:\/\/api.w.org\/{rel}","templated":true}]}}