{"id":55,"date":"2012-01-13T14:26:53","date_gmt":"2012-01-13T14:26:53","guid":{"rendered":"http:\/\/thenordiccountries.com\/es\/?page_id=55"},"modified":"2012-03-23T14:13:46","modified_gmt":"2012-03-23T14:13:46","slug":"islas-del-mar-baltico","status":"publish","type":"page","link":"http:\/\/thenordiccountries.com\/es\/islas-del-mar-baltico\/","title":{"rendered":"ISLAS DEL MAR B\u00c1LTICO"},"content":{"rendered":"<p style=\"text-align: center;\"><a href=\"http:\/\/thenordiccountries.com\/es\/wp-content\/uploads\/2012\/01\/THENORDICCOUNTRIES.COM-Islas-del-Mar-Baltico-Baltic-sea-island-\u00eeles-de-la-Mer-Baltique.jpg\">[ad]<img loading=\"lazy\" decoding=\"async\" class=\"size-full wp-image-259 aligncenter\" title=\"THENORDICCOUNTRIES.COM Islas del Mar Baltico, Baltic sea island, \u00eeles de la Mer Baltique\" src=\"http:\/\/thenordiccountries.com\/es\/wp-content\/uploads\/2012\/01\/THENORDICCOUNTRIES.COM-Islas-del-Mar-Baltico-Baltic-sea-island-\u00eeles-de-la-Mer-Baltique.jpg\" alt=\"\" width=\"448\" height=\"335\" srcset=\"http:\/\/thenordiccountries.com\/es\/wp-content\/uploads\/2012\/01\/THENORDICCOUNTRIES.COM-Islas-del-Mar-Baltico-Baltic-sea-island-\u00eeles-de-la-Mer-Baltique.jpg 800w, http:\/\/thenordiccountries.com\/es\/wp-content\/uploads\/2012\/01\/THENORDICCOUNTRIES.COM-Islas-del-Mar-Baltico-Baltic-sea-island-\u00eeles-de-la-Mer-Baltique-300x224.jpg 300w, http:\/\/thenordiccountries.com\/es\/wp-content\/uploads\/2012\/01\/THENORDICCOUNTRIES.COM-Islas-del-Mar-Baltico-Baltic-sea-island-\u00eeles-de-la-Mer-Baltique-200x150.jpg 200w\" sizes=\"auto, (max-width: 448px) 100vw, 448px\" \/><\/a><\/p>\n<ul>\n<ul>\n<li><span style=\"text-decoration: underline; color: #0000ff;\"><span class=\"Apple-style-span\" style=\"text-decoration: underline;\"><strong><a title=\"Viajar a las Islas del Mar B\u00e1ltico\" href=\"http:\/\/thenordiccountries.com\/es\/viajar-a-las-islas-del-mar-baltico\/\" target=\"_blank\"><span style=\"color: #0000ff; text-decoration: underline;\">Viajar a las Islas del Mar B\u00e1ltico<\/span><\/a><\/strong><\/span><\/span><\/li>\n<li><span style=\"text-decoration: underline;\"><span class=\"Apple-style-span\" style=\"color: #0000ff; text-decoration: underline;\"><strong>Estudiar en\u00a0<strong><strong>las Islas del Mar B\u00e1ltico<\/strong><\/strong><\/strong><\/span><\/span><\/li>\n<li><span style=\"text-decoration: underline;\"><span class=\"Apple-style-span\" style=\"color: #0000ff; text-decoration: underline;\"><strong>Cultura de\u00a0<strong><strong>las Islas del Mar B\u00e1ltico<\/strong><\/strong><\/strong><\/span><\/span><\/li>\n<li><span style=\"text-decoration: underline;\"><span class=\"Apple-style-span\" style=\"color: #0000ff; text-decoration: underline;\"><strong>Historia de\u00a0<strong><strong>las Islas del Mar B\u00e1ltico<\/strong><\/strong><\/strong><\/span><\/span><\/li>\n<li><span style=\"text-decoration: underline;\"><span class=\"Apple-style-span\" style=\"color: #0000ff; text-decoration: underline;\"><strong>Vivir en\u00a0<strong><strong>las Islas del Mar B\u00e1ltico<\/strong><\/strong><\/strong><\/span><\/span><\/li>\n<\/ul>\n<\/ul>\n<p style=\"text-align: justify;\"><strong>El Mar B\u00e1ltico<\/strong> es un mar interior de agua salobre, (m\u00e1s salado que el agua dulce y menos que el agua de mar) en el norte de Europa. Se considera un mar interior ya que tan s\u00f3lo est\u00e1 conectado con el Oc\u00e9ano Atl\u00e1ntico por los peque\u00f1os estrechos de Kattegat y Skagerrak que se encuentran entre Dinamarca y las partes meridionales de Suecia y Noruega. Los pa\u00edses que comparten costa en este mar n\u00f3rdico son Finlandia, Rusia, Suecia, Estonia, Letonia, Lituania,\u00a0Polonia,\u00a0Alemania\u00a0y\u00a0Dinamarca.<\/p>\n<p style=\"text-align: justify;\">Las hermosas islas del Mar B\u00e1ltico se pueden dividir por pa\u00edses; por un lado, las islas de\u00a0<em><strong>Bornholm,\u00a0Fionia<\/strong>\u00a0y\u00a0<strong>Selandia<\/strong><\/em>\u00a0que pertenecen a\u00a0Dinamarca,\u00a0<em><strong>\u00d6land<\/strong>\u00a0y\u00a0<strong>Gotland<\/strong><\/em>\u00a0que pertenecen a\u00a0Suecia,\u00a0<strong><em>\u00c5land <\/em><\/strong>que pertenece\u00a0a\u00a0Finlandia,\u00a0<em><strong>Hiiumaa<\/strong>\u00a0y\u00a0<strong>Saaremaa<\/strong><\/em>\u00a0que pertenecen a Estonia y por \u00faltimo la isla de\u00a0<strong><em>R\u00fcgen<\/em><\/strong> que pertenece a Alemania.<\/p>\n<p style=\"text-align: justify;\"><span style=\"color: #0000ff;\"><strong><span style=\"text-decoration: underline;\"><em><a title=\"\u00c5land\" href=\"http:\/\/thenordiccountries.com\/es\/aland\/\" target=\"_blank\"><span style=\"color: #0000ff; text-decoration: underline;\">\u00c5LAND:<\/span><\/a><\/em><\/span><\/strong><\/span><\/p>\n<p style=\"text-align: justify;\"><strong>Las islas de\u00a0\u00a0<em>\u00c5land<\/em><\/strong>\u00a0,\u00a0<em>Ahvenanmaa<\/em>\u00a0en fin\u00e9s, forman un archipi\u00e9lago situado en el Mar B\u00e1ltico entre Finlandia y Suecia, que pertenece\u00a0\u00a0a la rep\u00fablica de Finlandia con el estatus de\u00a0provincia auton\u00f3mica.\u00a0\u00c5land tiene un poco m\u00e1s de 28.000 habitantes de los cuales casi la mitad vive en la capital Mariehamn, siendo \u00e9sta la \u00fanica ciudad en las islas.\u00a0\u00a0<span style=\"color: #0000ff;\"><em><a title=\"\u00c5land\" href=\"http:\/\/thenordiccountries.com\/es\/aland\/\" target=\"_blank\"><span style=\"color: #0000ff;\">Leer todo el art\u00edculo<\/span><\/a>&#8230;<\/em><\/span><\/p>\n<p>[ad]<\/p>\n<p><span style=\"text-decoration: underline; color: #0000ff;\"><strong><em><a title=\"Gotland\" href=\"http:\/\/thenordiccountries.com\/es\/gotland\/\" target=\"_blank\"><span style=\"color: #0000ff; text-decoration: underline;\">GOTLAND:<\/span><\/a><\/em><\/strong><\/span><\/p>\n<p style=\"text-align: justify;\"><strong>Gotland<\/strong>\u00a0es la isla m\u00e1s grande del Mar B\u00e1ltico y de Suecia, pa\u00eds el que pertenece. Situada a unos 90 kil\u00f3metros de la costa sueca al este y a unos 130 kil\u00f3metros de los pa\u00edses b\u00e1lticos hacia el oeste, Gotland tiene una superficie de unos 3140 km cuadrados con 800 kilometros de costa, formando, junto a algunas islas peque\u00f1as en su entorno, la provincia sueca tambi\u00e9n llamada Gotland. \u00a0<span style=\"color: #0000ff;\"><em><a title=\"Gotland\" href=\"http:\/\/thenordiccountries.com\/es\/gotland\/\" target=\"_blank\"><span style=\"color: #0000ff;\">Leer todo el art\u00edculo&#8230;<\/span><\/a><\/em><\/span><\/p>\n<p>&nbsp;<\/p>\n<ul>\n<ul>\n<li><span style=\"text-decoration: underline;\"><span style=\"color: #0000ff; text-decoration: underline;\"><strong>Galer\u00eda de fotos de\u00a0<strong><strong><strong><strong>las Islas del Mar B\u00e1ltico<\/strong><\/strong><\/strong><\/strong><br \/>\n<\/strong><\/span><\/span><\/li>\n<li><strong><strong><span style=\"text-decoration: underline;\"><span style=\"color: #0000ff; text-decoration: underline;\">V\u00eddeos de<strong><strong><strong>las Islas del Mar B\u00e1ltico<\/strong><\/strong><\/strong><\/span><\/span><br \/>\n<\/strong><\/strong><\/li>\n<\/ul>\n<\/ul>\n<p>&nbsp;<\/p>\n<p>&nbsp;<\/p>\n","protected":false},"excerpt":{"rendered":"<p>[ad] Viajar a las Islas del Mar B\u00e1ltico Estudiar en\u00a0las Islas del Mar B\u00e1ltico Cultura de\u00a0las Islas del Mar B\u00e1ltico Historia de\u00a0las Islas del Mar B\u00e1ltico Vivir en\u00a0las Islas del Mar B\u00e1ltico El Mar B\u00e1ltico es un mar interior de agua salobre, (m\u00e1s salado que el agua dulce y menos que el agua de mar) [&hellip;]<\/p>\n","protected":false},"author":1,"featured_media":259,"parent":0,"menu_order":0,"comment_status":"closed","ping_status":"closed","template":"","meta":{"footnotes":""},"class_list":["post-55","page","type-page","status-publish","has-post-thumbnail","hentry"],"_links":{"self":[{"href":"http:\/\/thenordiccountries.com\/es\/wp-json\/wp\/v2\/pages\/55","targetHints":{"allow":["GET"]}}],"collection":[{"href":"http:\/\/thenordiccountries.com\/es\/wp-json\/wp\/v2\/pages"}],"about":[{"href":"http:\/\/thenordiccountries.com\/es\/wp-json\/wp\/v2\/types\/page"}],"author":[{"embeddable":true,"href":"http:\/\/thenordiccountries.com\/es\/wp-json\/wp\/v2\/users\/1"}],"replies":[{"embeddable":true,"href":"http:\/\/thenordiccountries.com\/es\/wp-json\/wp\/v2\/comments?post=55"}],"version-history":[{"count":26,"href":"http:\/\/thenordiccountries.com\/es\/wp-json\/wp\/v2\/pages\/55\/revisions"}],"predecessor-version":[{"id":747,"href":"http:\/\/thenordiccountries.com\/es\/wp-json\/wp\/v2\/pages\/55\/revisions\/747"}],"wp:featuredmedia":[{"embeddable":true,"href":"http:\/\/thenordiccountries.com\/es\/wp-json\/wp\/v2\/media\/259"}],"wp:attachment":[{"href":"http:\/\/thenordiccountries.com\/es\/wp-json\/wp\/v2\/media?parent=55"}],"curies":[{"name":"wp","href":"https:\/\/api.w.org\/{rel}","templated":true}]}}