{"id":10,"date":"2012-01-13T17:12:20","date_gmt":"2012-01-13T17:12:20","guid":{"rendered":"http:\/\/thenordiccountries.com\/fr\/?page_id=10"},"modified":"2012-03-21T19:07:49","modified_gmt":"2012-03-21T19:07:49","slug":"suede","status":"publish","type":"page","link":"http:\/\/thenordiccountries.com\/fr\/suede\/","title":{"rendered":"SU\u00c8DE"},"content":{"rendered":"<p style=\"text-align: center;\"><a href=\"http:\/\/thenordiccountries.com\/es\/wp-content\/uploads\/2012\/01\/Thenordiccountries-Sweden-Suecia-La-Su%C3%A8de.jpg\">[ad]<img loading=\"lazy\" decoding=\"async\" class=\"aligncenter\" title=\"Thenordiccountries Sweden, Suecia, La Su\u00e8de\" src=\"http:\/\/thenordiccountries.com\/es\/wp-content\/uploads\/2012\/01\/Thenordiccountries-Sweden-Suecia-La-Su%C3%A8de.jpg\" alt=\"\" width=\"411\" height=\"272\" \/><\/a><\/p>\n<ul>\n<ul>\n<li><span style=\"text-decoration: underline; color: #0000ff;\"><span style=\"text-decoration: underline;\"><strong><a title=\"Voyager en Su\u00e8de\" href=\"http:\/\/thenordiccountries.com\/fr\/voyager-en-suede\/\" target=\"_blank\"><span style=\"color: #0000ff; text-decoration: underline;\">Voyager en Su\u00e8de<\/span><\/a><\/strong><\/span><\/span><\/li>\n<li><span style=\"text-decoration: underline;\"><span style=\"color: #0000ff; text-decoration: underline;\"><strong><a title=\"\u00c9tudier en Su\u00e8de\" href=\"http:\/\/thenordiccountries.com\/fr\/etudier-en-suede\/\" target=\"_blank\"><span style=\"color: #0000ff; text-decoration: underline;\">Etudier en\u00a0Su\u00e8de<\/span><\/a><\/strong><\/span><span style=\"color: #0000ff; text-decoration: underline;\"><strong><br \/>\n<\/strong><\/span><\/span><\/li>\n<li><span style=\"text-decoration: underline;\"><span style=\"color: #0000ff; text-decoration: underline;\"><strong>Profil du pays<br \/>\n<\/strong><\/span><\/span><\/li>\n<li><span style=\"text-decoration: underline;\"><span style=\"color: #0000ff; text-decoration: underline;\"><strong>\u00a0Culture Su\u00e9doise<br \/>\n<\/strong><\/span><\/span><\/li>\n<li><span style=\"text-decoration: underline;\"><span style=\"color: #0000ff; text-decoration: underline;\"><strong>Art Su\u00e9dois<br \/>\n<\/strong><\/span><\/span><\/li>\n<li><span style=\"text-decoration: underline;\"><span style=\"color: #0000ff; text-decoration: underline;\"><strong>Histoire\u00a0de la Su\u00e8de<br \/>\n<\/strong><\/span><\/span><\/li>\n<li><span style=\"text-decoration: underline;\"><span style=\"color: #0000ff; text-decoration: underline;\"><strong>Gastronomie\u00a0en Su\u00e8de<br \/>\n<\/strong><\/span><\/span><\/li>\n<li><span style=\"text-decoration: underline;\"><span style=\"color: #0000ff; text-decoration: underline;\"><strong>Vivre en Su\u00e8de<\/strong><\/span><\/span><\/li>\n<\/ul>\n<\/ul>\n<p style=\"text-align: justify;\"><strong>La Su\u00e8de<\/strong> est le\u00a0plus central\u00a0des pays nordiques.\u00a0Situ\u00e9\u00a0entre la Norv\u00e8ge et\u00a0la Finlande,\u00a0la Su\u00e8de partage des\u00a0fronti\u00e8res\u00a0terrestres avec\u00a0ces deux\u00a0voisins nordiques, ainsi qu&#8217;avec\u00a0le Danemark\u00a0par le pont\u00a0d&#8217;Oresund\u00a0construit en 1999.\u00a0La Su\u00e8de est le\u00a0plus grand pays de la Scandinavie\u00a0en termes de territoire, \u00e9tant le\u00a0cinqui\u00e8me plus grand pays d&#8217;Europe.\u00a0Il est aussi le\u00a0pays nordique le plus peupl\u00e9 avec\u00a0plus de 9\u00a0millions d&#8217;habitants.<\/p>\n<p style=\"text-align: justify;\"><img loading=\"lazy\" decoding=\"async\" class=\"alignright\" title=\"Thenordiccountries Sweden, Suecia, La Su\u00e8de mapa\" src=\"http:\/\/thenordiccountries.com\/es\/wp-content\/uploads\/2012\/01\/Thenordiccountries-Sweden-Suecia-La-Su%C3%A8de-mapa-213x300.gif\" alt=\"\" width=\"213\" height=\"300\" \/><\/p>\n<p style=\"text-align: justify;\">La langue su\u00e9doise\u00a0est une\u00a0langue scandinave,\u00a0d&#8217;origine germanique, comme ses proches voisins: le\u00a0danois, le norv\u00e9gien et l&#8217;islandais.\u00a0La Su\u00e8de est\u00a0une monarchie parlementaire,\u00a0et l&#8217;on dit\u00a0\u00eatre l&#8217;un des\u00a0pays avec le\u00a0plus haut niveau de\u00a0vie dans le monde,\u00a0bas\u00e9 sur l&#8217;id\u00e9e\u00a0de l&#8217;\u00c9tat providence\u00a0nordique.\u00a0Avec\u00a0sa r\u00e9putation de\u00a0pays lib\u00e9ral\u00a0et moderne, la Su\u00e8de\u00a0a \u00e9t\u00e9 pionni\u00e8re dans\u00a0de nombreuses avanc\u00e9es\u00a0sociales du XXe si\u00e8cle,\u00a0tout en soulignant\u00a0le d\u00e9veloppement de\u00a0l&#8217;efficacit\u00e9 \u00e9nerg\u00e9tique, la conservation de la nature et la protection\u00a0de l&#8217;environnement.<\/p>\n<p style=\"text-align: justify;\">[ad]<\/p>\n<p style=\"text-align: justify;\">On dit que les Su\u00e9dois\u00a0sont g\u00e9n\u00e9reux et\u00a0ouvert aux autres cultures.\u00a0En fait\u00a0la Su\u00e8de est le\u00a0pays nordique\u00a0avec les plus hauts niveaux d&#8217;immigration.\u00a0La nature\u00a0est tr\u00e8s important\u00a0pour le peuple\u00a0su\u00e9dois, et certainement\u00a0l&#8217;une des raisons pour lesquelles ce\u00a0pays nordique\u00a0vaut le d\u00e9tour, si ce n&#8217;est que\u00a0pour voir sa\u00a0belle capitale\u00a0Stockholm qui, comme\u00a0construite entre\u00a0la mer Baltique et\u00a0le lac M\u00e4laren,\u00a0ressemble\u00a0une ville qui\u00a0flotte sur l&#8217;eau.<\/p>\n<ul>\n<ul>\n<li><span style=\"text-decoration: underline;\"><span style=\"color: #0000ff; text-decoration: underline;\"><strong>Gallerie de Photos de la Su\u00e8de<\/strong><\/span><\/span><\/li>\n<li><span style=\"text-decoration: underline;\"><span style=\"color: #0000ff; text-decoration: underline;\"><strong><strong>Vid\u00e9os\u00a0de la Su\u00e8de<\/strong><\/strong><\/span><\/span><\/li>\n<\/ul>\n<\/ul>\n<div><strong><span style=\"color: #808080;\">En savoir plus sur:<\/span>\u00a0\u00a0 \u00a0 \u00a0<span style=\"color: #3366ff;\">Scandinavie \u00a0 \u00a0 \u00a0Su\u00e8de \u00a0 \u00a0 \u00a0Stockholm \u00a0 \u00a0 \u00a0Laponie<\/span><\/strong><\/div>\n<p>&nbsp;<\/p>\n","protected":false},"excerpt":{"rendered":"<p>[ad] Voyager en Su\u00e8de Etudier en\u00a0Su\u00e8de Profil du pays \u00a0Culture Su\u00e9doise Art Su\u00e9dois Histoire\u00a0de la Su\u00e8de Gastronomie\u00a0en Su\u00e8de Vivre en Su\u00e8de La Su\u00e8de est le\u00a0plus central\u00a0des pays nordiques.\u00a0Situ\u00e9\u00a0entre la Norv\u00e8ge et\u00a0la Finlande,\u00a0la Su\u00e8de partage des\u00a0fronti\u00e8res\u00a0terrestres avec\u00a0ces deux\u00a0voisins nordiques, ainsi qu&#8217;avec\u00a0le Danemark\u00a0par le pont\u00a0d&#8217;Oresund\u00a0construit en 1999.\u00a0La Su\u00e8de est le\u00a0plus grand pays de la Scandinavie\u00a0en termes de [&hellip;]<\/p>\n","protected":false},"author":1,"featured_media":0,"parent":0,"menu_order":0,"comment_status":"closed","ping_status":"closed","template":"","meta":{"footnotes":""},"class_list":["post-10","page","type-page","status-publish","hentry"],"_links":{"self":[{"href":"http:\/\/thenordiccountries.com\/fr\/wp-json\/wp\/v2\/pages\/10","targetHints":{"allow":["GET"]}}],"collection":[{"href":"http:\/\/thenordiccountries.com\/fr\/wp-json\/wp\/v2\/pages"}],"about":[{"href":"http:\/\/thenordiccountries.com\/fr\/wp-json\/wp\/v2\/types\/page"}],"author":[{"embeddable":true,"href":"http:\/\/thenordiccountries.com\/fr\/wp-json\/wp\/v2\/users\/1"}],"replies":[{"embeddable":true,"href":"http:\/\/thenordiccountries.com\/fr\/wp-json\/wp\/v2\/comments?post=10"}],"version-history":[{"count":20,"href":"http:\/\/thenordiccountries.com\/fr\/wp-json\/wp\/v2\/pages\/10\/revisions"}],"predecessor-version":[{"id":558,"href":"http:\/\/thenordiccountries.com\/fr\/wp-json\/wp\/v2\/pages\/10\/revisions\/558"}],"wp:attachment":[{"href":"http:\/\/thenordiccountries.com\/fr\/wp-json\/wp\/v2\/media?parent=10"}],"curies":[{"name":"wp","href":"https:\/\/api.w.org\/{rel}","templated":true}]}}