{"id":13,"date":"2012-01-13T17:15:54","date_gmt":"2012-01-13T17:15:54","guid":{"rendered":"http:\/\/thenordiccountries.com\/fr\/?page_id=13"},"modified":"2012-03-21T19:09:05","modified_gmt":"2012-03-21T19:09:05","slug":"norvege","status":"publish","type":"page","link":"http:\/\/thenordiccountries.com\/fr\/norvege\/","title":{"rendered":"NORV\u00c8GE"},"content":{"rendered":"<p style=\"text-align: center;\"><a href=\"http:\/\/thenordiccountries.com\/es\/wp-content\/uploads\/2012\/01\/thenordiccountries.com-Norway-Noruega-Norw\u00e8ge.jpg\">[ad]<img loading=\"lazy\" decoding=\"async\" class=\"aligncenter\" title=\"thenordiccountries.com Norway, Noruega, Norw\u00e8ge\" src=\"http:\/\/thenordiccountries.com\/es\/wp-content\/uploads\/2012\/01\/thenordiccountries.com-Norway-Noruega-Norw\u00e8ge.jpg\" alt=\"\" width=\"420\" height=\"312\" \/><\/a><\/p>\n<ul>\n<ul>\n<li><span style=\"text-decoration: underline; color: #0000ff;\"><span style=\"text-decoration: underline;\"><strong><strong><a title=\"Voyager en Norv\u00e8ge\" href=\"http:\/\/thenordiccountries.com\/fr\/voyager-en-norvege\/\" target=\"_blank\"><span style=\"color: #0000ff; text-decoration: underline;\">Voyager en Norv\u00e8ge<\/span><\/a><\/strong><br \/>\n<\/strong><\/span><\/span><\/li>\n<li><span style=\"text-decoration: underline;\"><span style=\"color: #0000ff; text-decoration: underline;\"><strong><strong><a title=\"\u00c9tudier en Norv\u00e8ge\" href=\"http:\/\/thenordiccountries.com\/fr\/etudier-en-norvege\/\" target=\"_blank\"><span style=\"color: #0000ff; text-decoration: underline;\">\u00c9tudier en\u00a0<\/span><\/a><strong><strong><a title=\"\u00c9tudier en Norv\u00e8ge\" href=\"http:\/\/thenordiccountries.com\/fr\/etudier-en-norvege\/\" target=\"_blank\"><span style=\"color: #0000ff; text-decoration: underline;\">Norv\u00e8ge<\/span><\/a><\/strong><\/strong><\/strong><\/strong><\/span><span style=\"color: #0000ff; text-decoration: underline;\"><strong><br \/>\n<\/strong><\/span><\/span><\/li>\n<li><span style=\"text-decoration: underline;\"><span style=\"color: #0000ff; text-decoration: underline;\"><strong><strong>Profil du pays<\/strong><br \/>\n<\/strong><\/span><\/span><\/li>\n<li><span style=\"text-decoration: underline;\"><span style=\"color: #0000ff; text-decoration: underline;\"><strong>Culture <strong>Norv\u00e9gienne<\/strong><br \/>\n<\/strong><\/span><\/span><\/li>\n<li><span style=\"text-decoration: underline;\"><span style=\"color: #0000ff; text-decoration: underline;\"><strong>Art Norv\u00e9gien<br \/>\n<\/strong><\/span><\/span><\/li>\n<li><span style=\"text-decoration: underline;\"><span style=\"color: #0000ff; text-decoration: underline;\"><strong>Histoire\u00a0de la Norv\u00e8ge<br \/>\n<\/strong><\/span><\/span><\/li>\n<li><span style=\"text-decoration: underline;\"><span style=\"color: #0000ff; text-decoration: underline;\"><strong>Gastronomie\u00a0en Norv\u00e8ge<br \/>\n<\/strong><\/span><\/span><\/li>\n<li><span style=\"text-decoration: underline;\"><span style=\"color: #0000ff; text-decoration: underline;\"><strong>Vivir en\u00a0<strong>Noruega<\/strong><\/strong><\/span><\/span><\/li>\n<\/ul>\n<\/ul>\n<p style=\"text-align: justify;\"><strong>La Norv\u00e8ge<\/strong> est le\u00a0pays nordique\u00a0le plus occidental de l&#8217;Europe du Nord\u00a0formant\u00a0la p\u00e9ninsule Scandinave\u00a0avec la Su\u00e8de. La Norv\u00e8ge partage\u00a0une longue fronti\u00e8re\u00a0avec ce proche voisin,\u00a0ainsi que\u00a0d&#8217;\u00eatre\u00a0connect\u00e9 avec la Finlande et la Russie\u00a0dans sa partie nord.\u00a0Mais\u00a0la Norv\u00e8ge\u00a0n&#8217;est pas seulement\u00a0la p\u00e9ninsule scandinave,\u00a0l&#8217;archipel arctique\u00a0de Svalbard et\u00a0l&#8217;\u00eele Bouvet\u00a0appartiennent aussi \u00e0\u00a0ce royaume\u00a0nordique.\u00a0Norv\u00e8ge,\u00a0avec pr\u00e8s de 5\u00a0millions d&#8217;habitants,\u00a0est une monarchie constitutionnelle\u00a0et est\u00a0le quatri\u00e8me pays\u00a0le plus peupl\u00e9\u00a0dans le nord de\u00a0l&#8217;Europe\u00a0apr\u00e8s la Su\u00e8de, le Danemark\u00a0et la Finlande.<\/p>\n<div style=\"text-align: justify;\" dir=\"ltr\">La\u00a0langue norv\u00e9gienne\u00a0appartient \u00e0\u00a0la famille des langues\u00a0scandinaves, avec ses origines\u00a0dans la racine\u00a0germanique,comme le\u00a0su\u00e9dois, le danois et l&#8217;islandais.\u00a0Ce qui caract\u00e9rise\u00a0la Norv\u00e8ge\u00a0par rapport aux autres\u00a0pays<a href=\"http:\/\/thenordiccountries.com\/es\/wp-content\/uploads\/2012\/01\/thenordiccountries.com-FINLAND-FINLANDAI-FINLANDE-mapa.jpg\"><img loading=\"lazy\" decoding=\"async\" class=\"alignright\" title=\"thenordiccountries.com FINLAND, FINLANDAI, FINLANDE mapa\" src=\"http:\/\/thenordiccountries.com\/es\/wp-content\/uploads\/2012\/01\/thenordiccountries.com-FINLAND-FINLANDAI-FINLANDE-mapa.jpg\" alt=\"\" width=\"243\" height=\"259\" \/><\/a><br \/>\nnordiques\u00a0est\u00a0sa proximit\u00e9\u00a0imm\u00e9diate avec\u00a0l&#8217;oc\u00e9an\u00a0Atlantique Nord et\u00a0la mer de Barents, qui fournissent\u00a0\u00e0 la Norv\u00e8ge un de ses paysages plus spectaculaires et c\u00e9l\u00e8bres: \u00a0les \u00abfjords\u00bb.\u00a0Gr\u00e2ce \u00e0\u00a0sa situation\u00a0avantageuse, la Norv\u00e8ge\u00a0a acc\u00e8s \u00e0\u00a0de riches r\u00e9serves de ressources naturelles\u00a0comme le p\u00e9trole, le gaz naturel, de min\u00e9raux,\u00a0de bois ou\u00a0d&#8217;eau douce, en la faisant le\u00a0pays le plus riche\u00a0au monde\u00a0par habitant.\u00a0La p\u00eache est \u00e9galement\u00a0une des\u00a0principales activit\u00e9s \u00e9conomiques\u00a0de la Norv\u00e8ge, qui n&#8217;a jamais\u00a0go\u00fbt\u00e9 un\u00a0d\u00e9licieux saumon\u00a0norv\u00e9gien?<\/div>\n<p style=\"text-align: justify;\">[ad]<\/p>\n<p style=\"text-align: justify;\">La Norv\u00e8ge\u00a0ne \u200b\u200bfait pas partie\u00a0de l&#8217;Union europ\u00e9enne\u00a0tout en maintenant\u00a0des relations \u00e9troites avec\u00a0d&#8217;autres pays europ\u00e9ens\u00a0et les \u00c9tats-Unis.\u00a0La Norv\u00e8ge a \u00e9t\u00e9\u00a0un membre fondateur de\u00a0l&#8217;Organisation des Nations\u00a0Unies,\u00a0de l&#8217;OTAN,du Conseil de l&#8217;Europe et\u00a0du Conseil nordique.<\/p>\n<p style=\"text-align: justify;\">Il est dit que\u00a0les Norv\u00e9giens\u00a0sont des gens pacifiques\u00a0et doux avec\u00a0un esprit g\u00e9n\u00e9reux.\u00a0Bien que la Norv\u00e8ge\u00a0peut sembler\u00a0parfois un peu\u00a0cher pour les touristes\u00a0provenant d&#8217;autres pays, la visite vaut vraiment la peine,\u00a0si ce n&#8217;est que\u00a0pour voir\u00a0les fjords\u00a0magnifiques\u00a0du nord\u00a0ou la\u00a0belle capitale d&#8217;Oslo en\u00a0Norv\u00e8ge\u00a0du\u00a0Sud.<\/p>\n<ul>\n<ul>\n<li><span style=\"text-decoration: underline;\"><span style=\"color: #0000ff; text-decoration: underline;\"><strong>Gallerie de Photos de la Norv\u00e8ge<br \/>\n<\/strong><\/span><\/span><\/li>\n<li><span style=\"text-decoration: underline;\"><span style=\"color: #0000ff; text-decoration: underline;\"><strong>Vid\u00e9os\u00a0de la Norv\u00e8ge<\/strong><\/span><\/span><\/li>\n<\/ul>\n<\/ul>\n<p><strong><span style=\"color: #808080;\">En savoir plus sur:<\/span>\u00a0\u00a0 \u00a0 <span style=\"color: #3366ff;\">\u00a0Scandinavie \u00a0 \u00a0 \u00a0Su\u00e8de \u00a0 \u00a0 \u00a0Oslo \u00a0 \u00a0 \u00a0Laponie<\/span><\/strong><\/p>\n","protected":false},"excerpt":{"rendered":"<p>[ad] Voyager en Norv\u00e8ge \u00c9tudier en\u00a0Norv\u00e8ge Profil du pays Culture Norv\u00e9gienne Art Norv\u00e9gien Histoire\u00a0de la Norv\u00e8ge Gastronomie\u00a0en Norv\u00e8ge Vivir en\u00a0Noruega La Norv\u00e8ge est le\u00a0pays nordique\u00a0le plus occidental de l&#8217;Europe du Nord\u00a0formant\u00a0la p\u00e9ninsule Scandinave\u00a0avec la Su\u00e8de. La Norv\u00e8ge partage\u00a0une longue fronti\u00e8re\u00a0avec ce proche voisin,\u00a0ainsi que\u00a0d&#8217;\u00eatre\u00a0connect\u00e9 avec la Finlande et la Russie\u00a0dans sa partie nord.\u00a0Mais\u00a0la Norv\u00e8ge\u00a0n&#8217;est pas [&hellip;]<\/p>\n","protected":false},"author":1,"featured_media":0,"parent":0,"menu_order":0,"comment_status":"closed","ping_status":"closed","template":"","meta":{"footnotes":""},"class_list":["post-13","page","type-page","status-publish","hentry"],"_links":{"self":[{"href":"http:\/\/thenordiccountries.com\/fr\/wp-json\/wp\/v2\/pages\/13","targetHints":{"allow":["GET"]}}],"collection":[{"href":"http:\/\/thenordiccountries.com\/fr\/wp-json\/wp\/v2\/pages"}],"about":[{"href":"http:\/\/thenordiccountries.com\/fr\/wp-json\/wp\/v2\/types\/page"}],"author":[{"embeddable":true,"href":"http:\/\/thenordiccountries.com\/fr\/wp-json\/wp\/v2\/users\/1"}],"replies":[{"embeddable":true,"href":"http:\/\/thenordiccountries.com\/fr\/wp-json\/wp\/v2\/comments?post=13"}],"version-history":[{"count":17,"href":"http:\/\/thenordiccountries.com\/fr\/wp-json\/wp\/v2\/pages\/13\/revisions"}],"predecessor-version":[{"id":559,"href":"http:\/\/thenordiccountries.com\/fr\/wp-json\/wp\/v2\/pages\/13\/revisions\/559"}],"wp:attachment":[{"href":"http:\/\/thenordiccountries.com\/fr\/wp-json\/wp\/v2\/media?parent=13"}],"curies":[{"name":"wp","href":"https:\/\/api.w.org\/{rel}","templated":true}]}}