{"id":15,"date":"2012-01-13T17:16:45","date_gmt":"2012-01-13T17:16:45","guid":{"rendered":"http:\/\/thenordiccountries.com\/fr\/?page_id=15"},"modified":"2012-03-21T19:10:20","modified_gmt":"2012-03-21T19:10:20","slug":"islande","status":"publish","type":"page","link":"http:\/\/thenordiccountries.com\/fr\/islande\/","title":{"rendered":"ISLANDE"},"content":{"rendered":"<p style=\"text-align: center;\"><a href=\"http:\/\/thenordiccountries.com\/wp-content\/uploads\/2011\/12\/TheNordicCountries.com-Iceland-Islandia-Islande.jpg\">[ad]<img loading=\"lazy\" decoding=\"async\" class=\"aligncenter\" title=\"TheNordicCountries.com Iceland, Islandia, Islande\" src=\"http:\/\/thenordiccountries.com\/wp-content\/uploads\/2011\/12\/TheNordicCountries.com-Iceland-Islandia-Islande.jpg\" alt=\"\" width=\"500\" height=\"333\" \/><\/a><\/p>\n<ul>\n<ul>\n<li><span style=\"color: #0000ff;\"><strong><span style=\"text-decoration: underline;\"><span style=\"text-decoration: underline;\"><a title=\"Voyager en Islande\" href=\"http:\/\/thenordiccountries.com\/fr\/voyager-en-islande\/\" target=\"_blank\"><span style=\"color: #0000ff; text-decoration: underline;\">Voyager en Islande<\/span><\/a><\/span><\/span><\/strong><\/span><\/li>\n<li><span style=\"color: #0000ff;\"><strong><span style=\"text-decoration: underline;\"><span style=\"text-decoration: underline;\"><a title=\"\u00c9tudier en Islande\" href=\"http:\/\/thenordiccountries.com\/fr\/etudier-en-islande\/\" target=\"_blank\"><span style=\"color: #0000ff; text-decoration: underline;\">\u00c9tudier en Islande<\/span><\/a><\/span><\/span><\/strong><\/span><\/li>\n<li><strong><span style=\"text-decoration: underline;\"><span style=\"color: #0000ff; text-decoration: underline;\">Profil du pays<\/span><\/span><\/strong><\/li>\n<li><strong><span style=\"text-decoration: underline;\"><span style=\"color: #0000ff; text-decoration: underline;\">Culture\u00a0Islandaise<\/span><\/span><\/strong><\/li>\n<li><strong><span style=\"text-decoration: underline;\"><span style=\"color: #0000ff; text-decoration: underline;\">Art Islandais<\/span><\/span><\/strong><\/li>\n<li><strong><span style=\"text-decoration: underline;\"><span style=\"color: #0000ff; text-decoration: underline;\">Histoire de l&#8217;Islande<\/span><\/span><\/strong><\/li>\n<li><strong><span style=\"text-decoration: underline;\"><span style=\"color: #0000ff; text-decoration: underline;\">Gastronomie en Islande<\/span><\/span><\/strong><\/li>\n<li><strong><span style=\"text-decoration: underline;\"><span style=\"color: #0000ff; text-decoration: underline;\">Vivre en Islande<\/span><\/span><\/strong><\/li>\n<\/ul>\n<\/ul>\n<p><strong>L&#8217;Islande<\/strong> est le pays le plus septentrional des pays nordiques, \u00e0 l&#8217;exception du territoire ind\u00e9pendant du Groenland qui appartient au Danemark.\u00a0L&#8217;Islande est un pays insulaire situ\u00e9 dans l&#8217;oc\u00e9an Atlantique Nord, plus pr\u00e9cis\u00e9ment sur la dorsale m\u00e9dio-atlantique, qui se compose de l&#8217;\u00eele principale appel\u00e9e l&#8217;Islande et d&#8217; autres petites \u00eeles situ\u00e9es entre le Groenland et l&#8217;Europe.\u00a0L&#8217;Islande est le plus petit des pays scandinaves avec seulement 331.000 d&#8217;habitants.\u00a0Deux tiers de la population islandaise est concentr\u00e9e dans la r\u00e9gion de la capitale Reykjavik.<\/p>\n<p style=\"text-align: justify;\">Le territoire de l&#8217;Islande est g\u00e9ologiquement\u00a0active\u00a0et volcanique, et en d\u00e9pit de sa situation extr\u00eamement septentrionale, il est r\u00e9chauff\u00e9 par le Gulf Stream de la m\u00eame mani\u00e8re que le reste de l&#8217;Europe du Nord.<\/p>\n<p style=\"text-align: justify;\">La langue<a href=\"http:\/\/thenordiccountries.com\/wp-content\/uploads\/2011\/12\/TheNordicCountries.com-Iceland-Islandia-Islande-mapa.gif\"><img loading=\"lazy\" decoding=\"async\" class=\"alignright\" title=\"TheNordicCountries.com Iceland, Islandia, Islande mapa\" src=\"http:\/\/thenordiccountries.com\/wp-content\/uploads\/2011\/12\/TheNordicCountries.com-Iceland-Islandia-Islande-mapa-279x300.gif\" alt=\"\" width=\"251\" height=\"270\" \/><\/a>\u00a0islandaise fait partie de la famille des langues scandinaves qui a ses origines dans les racines germaniques, comme le su\u00e9dois, le norv\u00e9gien et le danois. En fait, les premiers habitants de l&#8217;Islande furent les Scandinaves, dont la plupart provenaient de la Norv\u00e8ge occidentale, et qui se sont install\u00e9s sur l&#8217; \u00eele en l&#8217;an 874 apportant avec eux des esclaves d&#8217;origine ga\u00e9lique. On dit que l&#8217;islandais est un voisin tr\u00e8s proche de la langue des \u00eeles F\u00e9ro\u00e9 et des dialectes de l&#8217;ouest de la Norv\u00e8ge.<\/p>\n<p style=\"text-align: justify;\">[ad]<\/p>\n<p style=\"text-align: justify;\">Fondant son \u00e9conomie sur la p\u00eache et l&#8217;agriculture jusqu&#8217;au d\u00e9but du XX\u00e8me si\u00e8cle, aujourd&#8217;hui l&#8217;Islande est l&#8217;un des pays les plus d\u00e9velopp\u00e9s du monde.\u00a0Avec sa petite population, ce pays nordique repose sur la base du syst\u00e8me nordique de protection sociale, en fournissant \u00e9ducation et la s\u00e9curit\u00e9 sociale \u00e0 tous les citoyens.<\/p>\n<p style=\"text-align: justify;\">Il est dit que les Islandais sont chaleureux, g\u00e9n\u00e9reux et tr\u00e8s amoureux de leurs paysages et la nature. Et c&#8217;est peut-\u00eatre justement \u00e7a ce qui est le plus exotique en Islande; \u00a0les Geysirs (geysers en fran\u00e7ais) ou les sources chaudes naturelles r\u00e9chauff\u00e9es par le territoire volcanique, ou tout simplement ses beaux paysages,\u00a0y compris\u00a0la capitale Reykjavik,\u00a0une petite ville nordique moderne et \u00e9tonnante qui apporte la lumi\u00e8re\u00a0\u00e0 l&#8217;oc\u00e9an Atlantique Nord.<\/p>\n<ul>\n<ul>\n<li><span style=\"text-decoration: underline;\"><span style=\"color: #0000ff; text-decoration: underline;\"><strong>Gallerie de Photos de l&#8217;Islande<\/strong><\/span><\/span><\/li>\n<li><span style=\"text-decoration: underline;\"><span style=\"color: #0000ff; text-decoration: underline;\"><strong>Vid\u00e9os de l&#8217;Islande<\/strong><\/span><\/span><\/li>\n<\/ul>\n<\/ul>\n","protected":false},"excerpt":{"rendered":"<p>[ad] Voyager en Islande \u00c9tudier en Islande Profil du pays Culture\u00a0Islandaise Art Islandais Histoire de l&#8217;Islande Gastronomie en Islande Vivre en Islande L&#8217;Islande est le pays le plus septentrional des pays nordiques, \u00e0 l&#8217;exception du territoire ind\u00e9pendant du Groenland qui appartient au Danemark.\u00a0L&#8217;Islande est un pays insulaire situ\u00e9 dans l&#8217;oc\u00e9an Atlantique Nord, plus pr\u00e9cis\u00e9ment sur [&hellip;]<\/p>\n","protected":false},"author":1,"featured_media":0,"parent":0,"menu_order":0,"comment_status":"closed","ping_status":"closed","template":"","meta":{"footnotes":""},"class_list":["post-15","page","type-page","status-publish","hentry"],"_links":{"self":[{"href":"http:\/\/thenordiccountries.com\/fr\/wp-json\/wp\/v2\/pages\/15","targetHints":{"allow":["GET"]}}],"collection":[{"href":"http:\/\/thenordiccountries.com\/fr\/wp-json\/wp\/v2\/pages"}],"about":[{"href":"http:\/\/thenordiccountries.com\/fr\/wp-json\/wp\/v2\/types\/page"}],"author":[{"embeddable":true,"href":"http:\/\/thenordiccountries.com\/fr\/wp-json\/wp\/v2\/users\/1"}],"replies":[{"embeddable":true,"href":"http:\/\/thenordiccountries.com\/fr\/wp-json\/wp\/v2\/comments?post=15"}],"version-history":[{"count":13,"href":"http:\/\/thenordiccountries.com\/fr\/wp-json\/wp\/v2\/pages\/15\/revisions"}],"predecessor-version":[{"id":560,"href":"http:\/\/thenordiccountries.com\/fr\/wp-json\/wp\/v2\/pages\/15\/revisions\/560"}],"wp:attachment":[{"href":"http:\/\/thenordiccountries.com\/fr\/wp-json\/wp\/v2\/media?parent=15"}],"curies":[{"name":"wp","href":"https:\/\/api.w.org\/{rel}","templated":true}]}}