{"id":17,"date":"2012-01-13T17:18:27","date_gmt":"2012-01-13T17:18:27","guid":{"rendered":"http:\/\/thenordiccountries.com\/fr\/?page_id=17"},"modified":"2012-03-21T19:11:41","modified_gmt":"2012-03-21T19:11:41","slug":"iles-feroe","status":"publish","type":"page","link":"http:\/\/thenordiccountries.com\/fr\/iles-feroe\/","title":{"rendered":"\u00ceLES F\u00c9RO\u00c9"},"content":{"rendered":"<p style=\"text-align: center;\"><a href=\"http:\/\/thenordiccountries.com\/wp-content\/uploads\/2011\/12\/TheNordicCountries.com-Faroe-Islands-Islas-Feroe-\u00celes-F\u00e9ro\u00e9-.jpg\">[ad]<img loading=\"lazy\" decoding=\"async\" class=\"aligncenter\" title=\"TheNordicCountries.com Faroe Islands, Islas Feroe, \u00celes F\u00e9ro\u00e9\" src=\"http:\/\/thenordiccountries.com\/wp-content\/uploads\/2011\/12\/TheNordicCountries.com-Faroe-Islands-Islas-Feroe-\u00celes-F\u00e9ro\u00e9-.jpg\" alt=\"\" width=\"560\" height=\"373\" \/><\/a><\/p>\n<ul>\n<ul>\n<li><span style=\"color: #0000ff;\"><strong><span style=\"text-decoration: underline;\"><span style=\"text-decoration: underline;\"><a title=\"Voyager aux \u00celes F\u00e9ro\u00e9\" href=\"http:\/\/thenordiccountries.com\/fr\/voyager-aux-iles-feroe\/\" target=\"_blank\"><span style=\"color: #0000ff; text-decoration: underline;\">Voyager aux \u00eeles F\u00e9ro\u00e9<\/span><\/a><\/span><\/span><\/strong><\/span><\/li>\n<li><span style=\"color: #0000ff;\"><strong><span style=\"text-decoration: underline;\"><span style=\"text-decoration: underline;\"><a title=\"\u00c9tudier aux \u00celes F\u00e9ro\u00e9\" href=\"http:\/\/thenordiccountries.com\/fr\/etudier-aux-iles-feroe\/\" target=\"_blank\"><span style=\"color: #0000ff; text-decoration: underline;\">Etudier aux \u00celes F\u00e9ro\u00e9<\/span><\/a><\/span><\/span><\/strong><\/span><\/li>\n<li><strong><span style=\"text-decoration: underline;\"><span style=\"color: #0000ff; text-decoration: underline;\">Profil du pays<\/span><\/span><\/strong><\/li>\n<li><strong><span style=\"text-decoration: underline;\"><span style=\"color: #0000ff; text-decoration: underline;\">Culture F\u00e9ro\u00efenne<\/span><\/span><\/strong><\/li>\n<li><strong><span style=\"text-decoration: underline;\"><span style=\"color: #0000ff; text-decoration: underline;\">Art F\u00e9ro\u00efen<\/span><\/span><\/strong><\/li>\n<li><strong><span style=\"text-decoration: underline;\"><span style=\"color: #0000ff; text-decoration: underline;\">Histoire des \u00celes F\u00e9ro\u00e9<\/span><\/span><\/strong><\/li>\n<li><strong><span style=\"text-decoration: underline;\"><span style=\"color: #0000ff; text-decoration: underline;\">Gastronomie dans les \u00celes F\u00e9ro\u00e9<\/span><\/span><\/strong><\/li>\n<li><strong><span style=\"text-decoration: underline;\"><span style=\"color: #0000ff; text-decoration: underline;\">Vivre dans les \u00celes F\u00e9ro\u00e9<\/span><\/span><\/strong><\/li>\n<\/ul>\n<\/ul>\n<p style=\"text-align: justify;\"><strong>Les \u00eeles F\u00e9ro\u00e9<\/strong> constituent un archipel situ\u00e9 entre l&#8217;oc\u00e9an Atlantique Nord et la mer de Norv\u00e8ge, \u00e0 environ la m\u00eame distance au nord de l&#8217;Islande et de l&#8217;\u00c9cosse au sud.\u00a0Ce groupe de petites \u00eeles sont une r\u00e9gion autonome du Royaume de Danemark avec le droit d&#8217;auto-gouvernement dans tous les domaines, sauf \u00a0la d\u00e9fense militaire, la justice, la police, la politique \u00e9trang\u00e8re et la monnaie.<\/p>\n<p style=\"text-align: justify;\"><a href=\"http:\/\/thenordiccountries.com\/wp-content\/uploads\/2011\/12\/TheNordicCountries.com-Faroe-Islands-Islas-Feroe-\u00celes-F\u00e9ro\u00e9-mapa.png\"><img loading=\"lazy\" decoding=\"async\" class=\"alignright\" title=\"TheNordicCountries.com Faroe Islands, Islas Feroe, \u00celes F\u00e9ro\u00e9 mapa\" src=\"http:\/\/thenordiccountries.com\/wp-content\/uploads\/2011\/12\/TheNordicCountries.com-Faroe-Islands-Islas-Feroe-\u00celes-F\u00e9ro\u00e9-mapa-300x233.png\" alt=\"\" width=\"300\" height=\"233\" \/><\/a><\/p>\n<p style=\"text-align: justify;\">Les Iles F\u00e9ro\u00e9, qui se composent de 18 \u00eeles diff\u00e9rentes dans une zone couvrant un total d&#8217;environ 1400km2, \u00a0est une communaut\u00e9 relativement petite en termes de population; elle compte environ 48500 habitants.\u00a0Les \u00eeles<br \/>\n\u00e9taient habit\u00e9es pour la premi\u00e8re fois dans le VI\u00e8me si\u00e8cle par des ermites et des moines ga\u00e9liques en mission hiberno-\u00e9cossaise, qui instituant la vieille langue irlandaise comme langue principale de l&#8217;archipel.\u00a0Vers l&#8217;an 850 les Scandinaves (Norsemen) ont trouv\u00e9 les \u00eeles et se sont install\u00e9s sur elles, en apportant leur\u00a0ancienne\u00a0langue scandinave, \u00e0 partir de laquelle\u00a0a d\u00e9velopp\u00e9 la langue actuelle des f\u00e9ringiens: le\u00a0f\u00e9ro\u00efen.\u00a0Le f\u00e9ro\u00efen vient, par cons\u00e9quent, de la m\u00eame racine scandinaves-germanique que le su\u00e9dois, le norv\u00e9gien et le danois.<\/p>\n<p style=\"text-align: justify;\">[ad]<\/p>\n<p style=\"text-align: justify;\">Il est dit que les F\u00e9ringiens sont des gens tranquilles et respectueux, et qu&#8217;ils re\u00e7oivent ses visiteurs avec une grande g\u00e9n\u00e9rosit\u00e9.\u00a0La plupart d&#8217;entre eux gagnent leur vie par la p\u00eache, qui est la principale activit\u00e9 industrielle des \u00celes F\u00e9ro\u00e9, qui domine pr\u00e8s de 97% des exportations.\u00a0Les F\u00e9ringiens sont aussi des habiles fabricants \u00e0 main et gardent une petite industrie de laine, cce qui\u00a0peut \u00eatre vu quand on visite les \u00celes pour ses milliers de moutons.\u00a0La visite aux \u00a0\u00celes F\u00e9ro\u00e9 est presque obligatoire pour les amoureux de la nature, tant pour son importance environnementale et \u00e9cologique, ou pour ses vues spectaculaires de mer et de montagne qui sont totalement diff\u00e9rentes en hiver qu&#8217;en \u00e9t\u00e9.\u00a0Les \u00eeles F\u00e9ro\u00e9 sont consid\u00e9r\u00e9s comme l&#8217;un des exemples\u00a0du tourisme\u00a0de caract\u00e8re durable dans le monde , avec un grand nombre de paysages conserv\u00e9s et une nature intacte.<\/p>\n<ul>\n<ul>\n<li><span style=\"text-decoration: underline;\"><span style=\"color: #0000ff; text-decoration: underline;\"><strong>Galerie de photos des \u00celes F\u00e9ro\u00e9<\/strong><\/span><\/span><\/li>\n<li><span style=\"text-decoration: underline;\"><span style=\"color: #0000ff; text-decoration: underline;\"><strong>Vid\u00e9os des \u00celes F\u00e9ro\u00e9<\/strong><\/span><\/span><\/li>\n<\/ul>\n<\/ul>\n","protected":false},"excerpt":{"rendered":"<p>[ad] Voyager aux \u00eeles F\u00e9ro\u00e9 Etudier aux \u00celes F\u00e9ro\u00e9 Profil du pays Culture F\u00e9ro\u00efenne Art F\u00e9ro\u00efen Histoire des \u00celes F\u00e9ro\u00e9 Gastronomie dans les \u00celes F\u00e9ro\u00e9 Vivre dans les \u00celes F\u00e9ro\u00e9 Les \u00eeles F\u00e9ro\u00e9 constituent un archipel situ\u00e9 entre l&#8217;oc\u00e9an Atlantique Nord et la mer de Norv\u00e8ge, \u00e0 environ la m\u00eame distance au nord de l&#8217;Islande [&hellip;]<\/p>\n","protected":false},"author":1,"featured_media":0,"parent":0,"menu_order":0,"comment_status":"closed","ping_status":"closed","template":"","meta":{"footnotes":""},"class_list":["post-17","page","type-page","status-publish","hentry"],"_links":{"self":[{"href":"http:\/\/thenordiccountries.com\/fr\/wp-json\/wp\/v2\/pages\/17","targetHints":{"allow":["GET"]}}],"collection":[{"href":"http:\/\/thenordiccountries.com\/fr\/wp-json\/wp\/v2\/pages"}],"about":[{"href":"http:\/\/thenordiccountries.com\/fr\/wp-json\/wp\/v2\/types\/page"}],"author":[{"embeddable":true,"href":"http:\/\/thenordiccountries.com\/fr\/wp-json\/wp\/v2\/users\/1"}],"replies":[{"embeddable":true,"href":"http:\/\/thenordiccountries.com\/fr\/wp-json\/wp\/v2\/comments?post=17"}],"version-history":[{"count":11,"href":"http:\/\/thenordiccountries.com\/fr\/wp-json\/wp\/v2\/pages\/17\/revisions"}],"predecessor-version":[{"id":561,"href":"http:\/\/thenordiccountries.com\/fr\/wp-json\/wp\/v2\/pages\/17\/revisions\/561"}],"wp:attachment":[{"href":"http:\/\/thenordiccountries.com\/fr\/wp-json\/wp\/v2\/media?parent=17"}],"curies":[{"name":"wp","href":"https:\/\/api.w.org\/{rel}","templated":true}]}}