{"id":22,"date":"2012-01-13T17:20:14","date_gmt":"2012-01-13T17:20:14","guid":{"rendered":"http:\/\/thenordiccountries.com\/fr\/?page_id=22"},"modified":"2012-03-21T19:12:29","modified_gmt":"2012-03-21T19:12:29","slug":"laponie","status":"publish","type":"page","link":"http:\/\/thenordiccountries.com\/fr\/laponie\/","title":{"rendered":"LAPONIE"},"content":{"rendered":"<p style=\"text-align: center;\"><a href=\"http:\/\/thenordiccountries.com\/es\/wp-content\/uploads\/2012\/01\/Thenordiccountries.com-LAPLAND-LAPONIA-LAPONIE.jpg\">[ad]<img loading=\"lazy\" decoding=\"async\" class=\"aligncenter\" title=\"Thenordiccountries.com LAPLAND, LAPONIA, LAPONIE\" src=\"http:\/\/thenordiccountries.com\/es\/wp-content\/uploads\/2012\/01\/Thenordiccountries.com-LAPLAND-LAPONIA-LAPONIE.jpg\" alt=\"\" width=\"560\" height=\"420\" \/><\/a><\/p>\n<div id=\"gt-res-wrap\">\n<div id=\"gt-res-content\">\n<div dir=\"ltr\">\n<ul>\n<ul>\n<li><span style=\"text-decoration: underline; color: #0000ff;\"><span style=\"text-decoration: underline;\"><strong><a title=\"Voyager en Laponie\" href=\"http:\/\/thenordiccountries.com\/fr\/voyager-en-laponie\/\" target=\"_blank\"><span style=\"color: #0000ff; text-decoration: underline;\">Voyager en Laponie<\/span><\/a><\/strong><\/span><\/span><\/li>\n<li><span style=\"text-decoration: underline;\"><span style=\"color: #0000ff; text-decoration: underline;\"><strong>\u00c9tudier en <strong>Laponie<\/strong><br \/>\n<\/strong><\/span><\/span><\/li>\n<li><span style=\"text-decoration: underline;\"><span style=\"color: #0000ff; text-decoration: underline;\"><strong>Culture en\u00a0<strong>Laponie<\/strong><\/strong><\/span><\/span><\/li>\n<li><span style=\"text-decoration: underline;\"><span style=\"color: #0000ff; text-decoration: underline;\"><strong>Art Lapon<\/strong><\/span><\/span><\/li>\n<li><span style=\"text-decoration: underline;\"><span style=\"color: #0000ff; text-decoration: underline;\"><strong>Histoire de <strong>Laponie<\/strong><br \/>\n<\/strong><\/span><\/span><\/li>\n<li><span style=\"text-decoration: underline;\"><span style=\"color: #0000ff; text-decoration: underline;\"><strong>Gastronomie en <strong>Laponie<\/strong><br \/>\n<\/strong><\/span><\/span><\/li>\n<li><span style=\"text-decoration: underline;\"><span style=\"color: #0000ff; text-decoration: underline;\"><strong>Vivre en <strong>Laponie<\/strong><\/strong><\/span><\/span><\/li>\n<\/ul>\n<\/ul>\n<p style=\"text-align: justify;\"><strong>\u00a0La Laponie<\/strong> est une r\u00e9gion g\u00e9ographique dans le nord de l&#8217;Europe compos\u00e9e des parties les plus septentrionales de la Norv\u00e8ge, la Su\u00e8de, la Finlande et la Russie.\u00a0Limit\u00e9e au nord par l&#8217;oc\u00e9an Arctique, \u00e0 l&#8217;ouest par la mer de Norv\u00e8ge et \u00e0 l&#8217;Est par la mer de Barents, la r\u00e9gion de la Laponie se caract\u00e9rise par sa population Saami\u00a0ou\u00a0Sami, la minorit\u00e9 indig\u00e8ne dans la r\u00e9gion \u00e9galement appel\u00e9\u00a0les Lapons.\u00a0Aujourd&#8217;hui, il ya environ 133 000 Samis dans le monde, et l&#8217;on dit que c&#8217;est le plus ancien peuple du nord de l&#8217;Europe avec la preuve de leur pr\u00e9sence dans la r\u00e9gion datant de 11.000 \u00e0 6000 ans jusqu&#8217;\u00e0 ce jour.\u00a0Aujourd&#8217;hui, le peuple Saami ont revendiqu\u00e9 leur droit au statut des peuples autochtones du nord.<a href=\"http:\/\/thenordiccountries.com\/es\/wp-content\/uploads\/2012\/01\/Thenordiccountries.com-LAPLAND-LAPONIA-LAPONIE-MAPA.png\"><img loading=\"lazy\" decoding=\"async\" class=\"alignright\" title=\"Thenordiccountries.com LAPLAND, LAPONIA, LAPONIE MAPA\" src=\"http:\/\/thenordiccountries.com\/es\/wp-content\/uploads\/2012\/01\/Thenordiccountries.com-LAPLAND-LAPONIA-LAPONIE-MAPA-300x284.png\" alt=\"\" width=\"240\" height=\"227\" \/><\/a><\/p>\n<p style=\"text-align: justify;\">La langue des Lapons, Sami, est d&#8217;origine ouralienne et est divis\u00e9 en plusieurs dialectes en fonction de la r\u00e9gion. Les activit\u00e9s les plus importantes du peuple Sami \u00e0 travers l&#8217;histoire ont \u00e9t\u00e9 la p\u00eache et la chasse des rennes sauvages.\u00a0Aujourd&#8217;hui seulement 10% des Samis sont d\u00e9j\u00e0 impliqu\u00e9s dans l&#8217;\u00e9levage des rennes, mais cette industrie sp\u00e9cialis\u00e9e continue faisant partie de la culture lapone d&#8217;une mani\u00e8re significative.\u00a0Les Lapons sont aussi des fabricants qualifi\u00e9s et beaucoup gagnent leur vie aujourd&#8217;hui avec le tourisme.\u00a0Les beaux paysages de la Laponie sont probablement \u00e0 son plus beau en hiver, saison id\u00e9ale pour les sports de neige, bien que pendant les\u00a0plus froids\u00a0mois d&#8217;hiver, les temp\u00e9ratures puissent chuter jusqu&#8217;\u00e0 -50 degr\u00e9s Celsius, gr\u00e2ce \u00e0 la situation polaire de la r\u00e9gion; la plupart de Laponie est situ\u00e9e au-dessus du cercle polaire arctique.<\/p>\n<\/div>\n<div style=\"text-align: justify;\" dir=\"ltr\">[ad]<\/div>\n<div style=\"text-align: justify;\" dir=\"ltr\"><\/div>\n<div style=\"text-align: justify;\" dir=\"ltr\">La Laponie est une des destinations de voyage plus exotiques\u00a0dans le monde entier, bien que ce soit pour visiter ses paysages nordiques, voir le soleil de minuit ou les lumi\u00e8res de l&#8217;aurore bor\u00e9ale, p\u00eacher \u00e0 la mouche dans ses rivi\u00e8res c\u00e9l\u00e8bres et turbulent, ou pour voir ses collines bois\u00e9es en hiver. En outre,\u00a0Laponie\u00a0a beaucoup \u00e0 offrir\u00a0aussi pour ceux qui\u00a0sont\u00a0\u00e0 la recherche des coutumes folkloriques\u00a0\u00a0nordiques\u00a0et des arts,\u00a0avec\u00a0le passionnant\u00a0Sami-chant\u00a0appel\u00e9\u00a0<em>Yoik<\/em>,\u00a0les\u00a0beaux costumes\u00a0traditionnels\u00a0des Lapons ou\u00a0les\u00a0rites\u00a0populaires\u00a0magiques des Sami, sans oublier\u00a0les d\u00e9licieux repas du renne et du saumon\u00a0avec\u00a0le pouvoir de\u00a0s\u00e9duire\u00a0n&#8217;importe quel voyageur.<\/div>\n<\/div>\n<div dir=\"ltr\">\n<ul>\n<ul>\n<li style=\"text-align: justify;\"><span style=\"text-decoration: underline;\"><span style=\"color: #0000ff; text-decoration: underline;\"><strong>Gallerie de Photos de\u00a0<strong>Laponie<\/strong><br \/>\n<\/strong><\/span><\/span><\/li>\n<li><span style=\"text-decoration: underline;\"><span style=\"color: #0000ff; text-decoration: underline;\"><strong>Vid\u00e9os de\u00a0<strong>Laponie<\/strong><\/strong><\/span><\/span><\/li>\n<\/ul>\n<\/ul>\n<\/div>\n<\/div>\n","protected":false},"excerpt":{"rendered":"<p>[ad] Voyager en Laponie \u00c9tudier en Laponie Culture en\u00a0Laponie Art Lapon Histoire de Laponie Gastronomie en Laponie Vivre en Laponie \u00a0La Laponie est une r\u00e9gion g\u00e9ographique dans le nord de l&#8217;Europe compos\u00e9e des parties les plus septentrionales de la Norv\u00e8ge, la Su\u00e8de, la Finlande et la Russie.\u00a0Limit\u00e9e au nord par l&#8217;oc\u00e9an Arctique, \u00e0 l&#8217;ouest par [&hellip;]<\/p>\n","protected":false},"author":1,"featured_media":0,"parent":0,"menu_order":0,"comment_status":"closed","ping_status":"closed","template":"","meta":{"footnotes":""},"class_list":["post-22","page","type-page","status-publish","hentry"],"_links":{"self":[{"href":"http:\/\/thenordiccountries.com\/fr\/wp-json\/wp\/v2\/pages\/22","targetHints":{"allow":["GET"]}}],"collection":[{"href":"http:\/\/thenordiccountries.com\/fr\/wp-json\/wp\/v2\/pages"}],"about":[{"href":"http:\/\/thenordiccountries.com\/fr\/wp-json\/wp\/v2\/types\/page"}],"author":[{"embeddable":true,"href":"http:\/\/thenordiccountries.com\/fr\/wp-json\/wp\/v2\/users\/1"}],"replies":[{"embeddable":true,"href":"http:\/\/thenordiccountries.com\/fr\/wp-json\/wp\/v2\/comments?post=22"}],"version-history":[{"count":7,"href":"http:\/\/thenordiccountries.com\/fr\/wp-json\/wp\/v2\/pages\/22\/revisions"}],"predecessor-version":[{"id":562,"href":"http:\/\/thenordiccountries.com\/fr\/wp-json\/wp\/v2\/pages\/22\/revisions\/562"}],"wp:attachment":[{"href":"http:\/\/thenordiccountries.com\/fr\/wp-json\/wp\/v2\/media?parent=22"}],"curies":[{"name":"wp","href":"https:\/\/api.w.org\/{rel}","templated":true}]}}