{"id":24,"date":"2012-01-13T17:21:08","date_gmt":"2012-01-13T17:21:08","guid":{"rendered":"http:\/\/thenordiccountries.com\/fr\/?page_id=24"},"modified":"2012-03-21T19:13:47","modified_gmt":"2012-03-21T19:13:47","slug":"groenland","status":"publish","type":"page","link":"http:\/\/thenordiccountries.com\/fr\/groenland\/","title":{"rendered":"GROENLAND"},"content":{"rendered":"<p style=\"text-align: center;\"><a href=\"http:\/\/thenordiccountries.com\/es\/wp-content\/uploads\/2012\/01\/THENORDICCOUNTRIES.COM-GREENLAND-GROENLANDIA-GROENLAND.jpg\">[ad]<img loading=\"lazy\" decoding=\"async\" class=\"aligncenter\" title=\"THENORDICCOUNTRIES.COM GREENLAND, GROENLANDIA, GROENLAND\" src=\"http:\/\/thenordiccountries.com\/es\/wp-content\/uploads\/2012\/01\/THENORDICCOUNTRIES.COM-GREENLAND-GROENLANDIA-GROENLAND.jpg\" alt=\"\" width=\"560\" height=\"378\" \/><\/a><\/p>\n<ul>\n<ul>\n<li><span style=\"text-decoration: underline; color: #0000ff;\"><span style=\"text-decoration: underline;\"><strong><a title=\"Voyager au Groenland\" href=\"http:\/\/thenordiccountries.com\/fr\/voyager-en-groenland\/\" target=\"_blank\"><span style=\"color: #0000ff; text-decoration: underline;\">Voyager au Groenland<\/span><\/a><\/strong><\/span><\/span><\/li>\n<li><span style=\"text-decoration: underline;\"><span style=\"color: #0000ff; text-decoration: underline;\"><strong><a title=\"\u00c9tudier au Groenland\" href=\"http:\/\/thenordiccountries.com\/fr\/etudier-au-groenland\/\" target=\"_blank\"><span style=\"color: #0000ff; text-decoration: underline;\">\u00c9tudier au\u00a0<\/span><\/a><\/strong><span style=\"text-decoration: underline;\"><strong><strong><a title=\"\u00c9tudier au Groenland\" href=\"http:\/\/thenordiccountries.com\/fr\/etudier-au-groenland\/\" target=\"_blank\"><span style=\"color: #0000ff; text-decoration: underline;\">Groenland<\/span><\/a><\/strong><\/strong><\/span><\/span><span style=\"color: #0000ff; text-decoration: underline;\"><strong><br \/>\n<\/strong><\/span><\/span><\/li>\n<li><span style=\"text-decoration: underline;\"><span style=\"color: #0000ff; text-decoration: underline;\"><strong>Culture <strong><strong>Groenlandaise<\/strong><\/strong><\/strong><\/span><\/span><\/li>\n<li><span style=\"text-decoration: underline;\"><span style=\"color: #0000ff; text-decoration: underline;\"><strong>Art <strong><strong>Groenlandais<\/strong><\/strong><br \/>\n<\/strong><\/span><\/span><\/li>\n<li><span style=\"text-decoration: underline;\"><span style=\"color: #0000ff; text-decoration: underline;\"><strong>Histoire de <strong><strong>Groenland<\/strong><\/strong><br \/>\n<\/strong><\/span><\/span><\/li>\n<li><span style=\"text-decoration: underline;\"><span style=\"color: #0000ff; text-decoration: underline;\"><strong>Gastronomie en <strong><strong>Groenland<\/strong><\/strong><br \/>\n<\/strong><\/span><\/span><\/li>\n<li><span style=\"text-decoration: underline;\"><span style=\"color: #0000ff; text-decoration: underline;\"><strong>Vivre en <strong><strong>Groenland<\/strong><\/strong><\/strong><\/span><\/span><\/li>\n<\/ul>\n<\/ul>\n<div id=\"gt-res-wrap\">\n<div id=\"gt-res-content\">\n<div style=\"text-align: justify;\" dir=\"ltr\"><strong>Groenland<\/strong>, (Kalaallit Nunaat en groenlandais) est une r\u00e9gion autonome appartenant au Royaume du Danemark situ\u00e9e entre l&#8217;oc\u00e9an Atlantique Nord et l&#8217;oc\u00e9an Arctique. Consid\u00e9r\u00e9 comme la plus grande \u00eele du monde avec ses 2 millions de kilom\u00e8tres carr\u00e9s, le Groenland appartient g\u00e9ographiquement \u00e0 l&#8217;Am\u00e9rique du Nord, bien qu&#8217;il soit danois \u00e0 partir du point de vue politique. En raison de son climat arctique, la plupart du Groenland est recouvert de glace, la population \u00e9tant concentr\u00e9e dans la zone d\u00e9gel\u00e9e qui couvre environ 350.000 km2. Malgr\u00e9 la situation polaire du Groenland, il est m\u00eame possible d&#8217;exercer l&#8217;agriculture dans sa zone d\u00e9congel\u00e9e.<img loading=\"lazy\" decoding=\"async\" class=\"alignright\" title=\"THENORDICCOUNTRIES.COM GREENLAND, GROENLANDIA, GROENLAND MAPA\" src=\"http:\/\/thenordiccountries.com\/es\/wp-content\/uploads\/2012\/01\/THENORDICCOUNTRIES.COM-GREENLAND-GROENLANDIA-GROENLAND-MAPA.png\" alt=\"\" width=\"210\" height=\"350\" \/><\/div>\n<div style=\"text-align: justify;\" dir=\"ltr\">Le Groenland a suppos\u00e9ment \u00e9t\u00e9 habit\u00e9 par les Inuits du Canada depuis les derni\u00e8res 4500-5000 ann\u00e9es, et il est connu que a \u00e9galement \u00e9t\u00e9 d\u00e9couvert par les Normands du Nord au X\u00e8me si\u00e8cle. Au XIIIe si\u00e8cle l&#8217;\u00eele a re\u00e7u une nouvelle vague de la population inuite, alors que les Normands ont abandonn\u00e9 leurs colonies du Groenland dans le XVe si\u00e8cle. Le contact avec la Scandinavie a \u00e9t\u00e9 repris dans la dix-huiti\u00e8me si\u00e8cle qui est lorsque le Groenland a \u00e9t\u00e9 \u00e9tabli comme une colonie danoise. Aujourd&#8217;hui, la population est d&#8217;environ 57 000 habitants, dont 89% sont d&#8217;origine inuite et 11% d&#8217;origine danoise.<\/div>\n<p style=\"text-align: justify;\">La langue groenlandaise appartient \u00e0 la famille des langues eskimo-al\u00e9oute, et est l&#8217;une des langues inuits les plus parl\u00e9es. Le danois \u00e9tait avant la seconde langue officielle du Groenland, bien que depuis 2009 groenlandaise est devenu la seule langue officielle sur l&#8217;\u00eele. Selon l&#8217;UNESCO, quelques-uns des dialectes du Groenland sont consid\u00e9r\u00e9es comme menac\u00e9es.<\/p>\n<p style=\"text-align: justify;\">[ad]<\/p>\n<p style=\"text-align: justify;\">La plus grande industrie du Groenland est la p\u00eache et l&#8217;exportation de poisson, en particulier l&#8217;exportation de la crevette. La chasse au phoque est aussi une industrie traditionnelle de l&#8217;\u00eele. Le Groenland est \u00e9galement riche en min\u00e9raux et comporte un secteur de services et du tourisme de plus en plus actif. En fait, le Groenland est l&#8217;une des destinations les plus exotiques pour ceux qui veulent vivre l&#8217;exp\u00e9rience des grands glaciers, et vaut \u00e9galement le d\u00e9tour en saison estivale en raison de ses \u00e9tonnants champs verts, tels que d\u00e9crits par son nom, Groenland, qui veut dire &#8216;terre verte&#8217;.<\/p>\n<\/div>\n<div style=\"text-align: justify;\" dir=\"ltr\">\n<ul>\n<ul>\n<li><span style=\"text-decoration: underline;\"><span style=\"color: #0000ff; text-decoration: underline;\"><strong>Gallerie de Photos de <strong><strong>Groenland<\/strong><\/strong><br \/>\n<\/strong><\/span><\/span><\/li>\n<li><span style=\"text-decoration: underline;\"><span style=\"color: #0000ff; text-decoration: underline;\"><strong>Vid\u00e9os de <strong><strong>Groenland<\/strong><\/strong><\/strong><\/span><\/span><\/li>\n<\/ul>\n<\/ul>\n<div><span style=\"color: #0000ff;\"><span class=\"Apple-style-span\" style=\"font-weight: 900;\"><span style=\"text-decoration: underline;\"><br \/>\n<\/span><\/span><\/span><\/div>\n<\/div>\n<\/div>\n","protected":false},"excerpt":{"rendered":"<p>[ad] Voyager au Groenland \u00c9tudier au\u00a0Groenland Culture Groenlandaise Art Groenlandais Histoire de Groenland Gastronomie en Groenland Vivre en Groenland Groenland, (Kalaallit Nunaat en groenlandais) est une r\u00e9gion autonome appartenant au Royaume du Danemark situ\u00e9e entre l&#8217;oc\u00e9an Atlantique Nord et l&#8217;oc\u00e9an Arctique. Consid\u00e9r\u00e9 comme la plus grande \u00eele du monde avec ses 2 millions de kilom\u00e8tres [&hellip;]<\/p>\n","protected":false},"author":1,"featured_media":0,"parent":0,"menu_order":0,"comment_status":"closed","ping_status":"closed","template":"","meta":{"footnotes":""},"class_list":["post-24","page","type-page","status-publish","hentry"],"_links":{"self":[{"href":"http:\/\/thenordiccountries.com\/fr\/wp-json\/wp\/v2\/pages\/24","targetHints":{"allow":["GET"]}}],"collection":[{"href":"http:\/\/thenordiccountries.com\/fr\/wp-json\/wp\/v2\/pages"}],"about":[{"href":"http:\/\/thenordiccountries.com\/fr\/wp-json\/wp\/v2\/types\/page"}],"author":[{"embeddable":true,"href":"http:\/\/thenordiccountries.com\/fr\/wp-json\/wp\/v2\/users\/1"}],"replies":[{"embeddable":true,"href":"http:\/\/thenordiccountries.com\/fr\/wp-json\/wp\/v2\/comments?post=24"}],"version-history":[{"count":9,"href":"http:\/\/thenordiccountries.com\/fr\/wp-json\/wp\/v2\/pages\/24\/revisions"}],"predecessor-version":[{"id":563,"href":"http:\/\/thenordiccountries.com\/fr\/wp-json\/wp\/v2\/pages\/24\/revisions\/563"}],"wp:attachment":[{"href":"http:\/\/thenordiccountries.com\/fr\/wp-json\/wp\/v2\/media?parent=24"}],"curies":[{"name":"wp","href":"https:\/\/api.w.org\/{rel}","templated":true}]}}