{"id":26,"date":"2012-01-13T17:21:40","date_gmt":"2012-01-13T17:21:40","guid":{"rendered":"http:\/\/thenordiccountries.com\/fr\/?page_id=26"},"modified":"2012-03-21T19:14:58","modified_gmt":"2012-03-21T19:14:58","slug":"svalbard","status":"publish","type":"page","link":"http:\/\/thenordiccountries.com\/fr\/svalbard\/","title":{"rendered":"SVALBARD"},"content":{"rendered":"<p style=\"text-align: center;\"><a href=\"http:\/\/thenordiccountries.com\/es\/wp-content\/uploads\/2012\/01\/THENORDICCOUNTRIES.COM-SVALBARD-Longyearbyen4.jpg\">[ad]<img loading=\"lazy\" decoding=\"async\" class=\"aligncenter\" title=\"THENORDICCOUNTRIES.COM SVALBARD Longyearbyen\" src=\"http:\/\/thenordiccountries.com\/es\/wp-content\/uploads\/2012\/01\/THENORDICCOUNTRIES.COM-SVALBARD-Longyearbyen4.jpg\" alt=\"\" width=\"560\" height=\"364\" \/><\/a><\/p>\n<ul>\n<ul>\n<li><span style=\"text-decoration: underline; color: #0000ff;\"><span style=\"text-decoration: underline;\"><strong><a title=\"Voyager au Svalbard\" href=\"http:\/\/thenordiccountries.com\/fr\/voyager-a-svalbard\/\" target=\"_blank\"><span style=\"color: #0000ff; text-decoration: underline;\">Voyager\u00a0\u00e0 Svalbard<\/span><\/a><\/strong><\/span><\/span><\/li>\n<li><span style=\"text-decoration: underline;\"><span style=\"color: #0000ff; text-decoration: underline;\"><strong><a title=\"\u00c9tudier au Svalbard\" href=\"http:\/\/thenordiccountries.com\/fr\/etudier-au-svalbard\/\" target=\"_blank\"><span style=\"color: #0000ff; text-decoration: underline;\">\u00c9tudier au <\/span><\/a><\/strong><span style=\"text-decoration: underline;\"><strong><strong><a title=\"\u00c9tudier au Svalbard\" href=\"http:\/\/thenordiccountries.com\/fr\/etudier-au-svalbard\/\" target=\"_blank\"><span style=\"color: #0000ff; text-decoration: underline;\">Svalbard<\/span><\/a><\/strong><\/strong><\/span><\/span><span style=\"color: #0000ff; text-decoration: underline;\"><strong><br \/>\n<\/strong><\/span><\/span><\/li>\n<li><span style=\"text-decoration: underline;\"><span style=\"color: #0000ff; text-decoration: underline;\"><strong>Culture <strong>Svalbardien<\/strong><\/strong><\/span><\/span><\/li>\n<li><span style=\"text-decoration: underline;\"><span style=\"color: #0000ff; text-decoration: underline;\"><strong>Art <strong>Svalbardien<\/strong><br \/>\n<\/strong><\/span><\/span><\/li>\n<li><span style=\"text-decoration: underline;\"><span style=\"color: #0000ff; text-decoration: underline;\"><strong>Histoire\u00a0du <strong>Svalbard<\/strong><br \/>\n<\/strong><\/span><\/span><\/li>\n<li><span style=\"text-decoration: underline;\"><span style=\"color: #0000ff; text-decoration: underline;\"><strong>Gastronomie au <strong>Svalbard<\/strong><br \/>\n<\/strong><\/span><\/span><\/li>\n<li><span style=\"text-decoration: underline;\"><span style=\"color: #0000ff; text-decoration: underline;\"><strong>Vivre\u00a0au <strong>Svalbard<\/strong><\/strong><\/span><\/span><\/li>\n<\/ul>\n<\/ul>\n<p style=\"text-align: justify;\"><strong>Le Svalbard<\/strong> est\u00a0un archipel\u00a0appartenant au Royaume\u00a0de Norv\u00e8ge dans\u00a0l&#8217;oc\u00e9an Arctique,\u00a0situ\u00e9e \u00e0 environ\u00a0mi-chemin entre la Norv\u00e8ge et\u00a0le P\u00f4le Nord.\u00a0Seulement trois des\u00a0\u00eeles\u00a0Svalbard\u00a0sont habit\u00e9s, le plus grand\u00a0appel\u00e9\u00a0Spitzberg,Hopen\u00a0et\u00a0Bj\u00f8rn\u00f8ya\u00a0(\u00cele aux Ours).\u00a0Ce territoire\u00a0d&#8217;outre-mer\u00a0de la Norv\u00e8ge\u00a0ne \u200b\u200bdispose que\u00a0d&#8217;environ 2400\u00a0habitants, dont\u00a0la majorit\u00e9\u00a0vivent dans le village\u00a0de Longyearbyen sur\u00a0l&#8217;\u00eele de Spitzberg.\u00a0Le<a href=\"http:\/\/thenordiccountries.com\/es\/wp-content\/uploads\/2012\/01\/THENORDICCOUNTRIES.COM-SVALBARD-MAPA.png\"><img loading=\"lazy\" decoding=\"async\" class=\"alignright\" title=\"THENORDICCOUNTRIES.COM SVALBARD MAPA\" src=\"http:\/\/thenordiccountries.com\/es\/wp-content\/uploads\/2012\/01\/THENORDICCOUNTRIES.COM-SVALBARD-MAPA-295x300.png\" alt=\"\" width=\"295\" height=\"300\" \/><\/a><br \/>\nterritoire de\u00a0Svalbard\u00a0a environ\u00a061 000\u00a0km2,\u00a0dont la plupart sont\u00a0couverts de glace.<\/p>\n<p style=\"text-align: justify;\">Bien qu&#8217;il y ait\u00a0des preuves\u00a0de croire que\u00a0le Svalbard\u00a0a \u00e9t\u00e9 d\u00e9couvert par\u00a0les Normands\u00a0au XIIe si\u00e8cle, sa d\u00e9couverte\u00a0en 1596\u00a0contribue\u00a0officiellement \u00e0\u00a0l&#8217;explorateur n\u00e9erlandais\u00a0Willem Barents.\u00a0Pendant les\u00a0XVIIe et XVIIIe si\u00e8cles, les \u00eeles \u00e9taient\u00a0la base pour\u00a0les Hollandais, les Anglais et Basques en p\u00eache \u00e0 la balaine.\u00a0En 1920, le\u00a0Trait\u00e9 du Svalbard\u00a0a reconnu que les\u00a0\u00eeles appartenaient \u00e0\u00a0la Norv\u00e8ge.<\/p>\n<p style=\"text-align: justify;\">[ad]<\/p>\n<p style=\"text-align: justify;\">Environ 60%\u00a0des habitants du\u00a0Svalbard sont norv\u00e9giens et\u00a0les autres 40% sont russes\u00a0et ukrainiens.\u00a0L&#8217;activit\u00e9 principale de\u00a0l&#8217;\u00eele\u00a0se concentre sur la mine de charbon de l&#8217;\u00e9tat norv\u00e9gien\u00a0qui embauche 60% de la population. Les activit\u00e9s comme la p\u00eache\u00a0et la chasse sont \u00e9galement typiques.\u00a0Svalbard est un\u00a0important centre de recherche\u00a0des \u00e9tudes\u00a0polaires,\u00a0ayant sur sa\u00a0surface centres\u00a0de mesure\u00a0de temp\u00eates solaires et une rare\u00a0faune polaire avec des ours polaires\u00a0et des renards\u00a0polaires.\u00a0En 2008\u00a0a \u00e9t\u00e9 \u00e9tabli sur les \u00eeles\u00a0une\u00a0importante\u00a0banque de semences\u00a0qui d\u00e9tient\u00a0les graines des plus importantes plantes industrielles\u00a0dans le monde.<\/p>\n<div id=\"gt-res-wrap\">\n<div id=\"gt-res-content\">\n<div style=\"text-align: justify;\" dir=\"ltr\">Merci \u00e0 sa situation polaire, le Svalbard\u00a0est caract\u00e9ris\u00e9e\u00a0par ses contrastes.\u00a0En fait, des milliers de\u00a0touristes visitent ce\u00a0magnifique archipel\u00a0chaque ann\u00e9e\u00a0afin de concevoir\u00a0le soleil de minuit\u00a0en \u00e9t\u00e9 et\u00a0la nuit polaire\u00a0en hiver,\u00a0et bien s\u00fbr,\u00a0ses glaciers\u00a0massifs.<\/div>\n<\/div>\n<div style=\"text-align: justify;\" dir=\"ltr\">\n<ul>\n<ul>\n<li><span style=\"text-decoration: underline;\"><span style=\"color: #0000ff; text-decoration: underline;\"><strong>Gallerie de Photos de\u00a0<strong>Svalbard<\/strong><br \/>\n<\/strong><\/span><\/span><\/li>\n<li><span style=\"text-decoration: underline;\"><span style=\"color: #0000ff; text-decoration: underline;\"><strong>Vid\u00e9os\u00a0du\u00a0<strong>Svalbard<\/strong><\/strong><\/span><\/span><\/li>\n<\/ul>\n<\/ul>\n<\/div>\n<\/div>\n","protected":false},"excerpt":{"rendered":"<p>[ad] Voyager\u00a0\u00e0 Svalbard \u00c9tudier au Svalbard Culture Svalbardien Art Svalbardien Histoire\u00a0du Svalbard Gastronomie au Svalbard Vivre\u00a0au Svalbard Le Svalbard est\u00a0un archipel\u00a0appartenant au Royaume\u00a0de Norv\u00e8ge dans\u00a0l&#8217;oc\u00e9an Arctique,\u00a0situ\u00e9e \u00e0 environ\u00a0mi-chemin entre la Norv\u00e8ge et\u00a0le P\u00f4le Nord.\u00a0Seulement trois des\u00a0\u00eeles\u00a0Svalbard\u00a0sont habit\u00e9s, le plus grand\u00a0appel\u00e9\u00a0Spitzberg,Hopen\u00a0et\u00a0Bj\u00f8rn\u00f8ya\u00a0(\u00cele aux Ours).\u00a0Ce territoire\u00a0d&#8217;outre-mer\u00a0de la Norv\u00e8ge\u00a0ne \u200b\u200bdispose que\u00a0d&#8217;environ 2400\u00a0habitants, dont\u00a0la majorit\u00e9\u00a0vivent dans le village\u00a0de Longyearbyen sur\u00a0l&#8217;\u00eele [&hellip;]<\/p>\n","protected":false},"author":1,"featured_media":0,"parent":0,"menu_order":0,"comment_status":"closed","ping_status":"closed","template":"","meta":{"footnotes":""},"class_list":["post-26","page","type-page","status-publish","hentry"],"_links":{"self":[{"href":"http:\/\/thenordiccountries.com\/fr\/wp-json\/wp\/v2\/pages\/26","targetHints":{"allow":["GET"]}}],"collection":[{"href":"http:\/\/thenordiccountries.com\/fr\/wp-json\/wp\/v2\/pages"}],"about":[{"href":"http:\/\/thenordiccountries.com\/fr\/wp-json\/wp\/v2\/types\/page"}],"author":[{"embeddable":true,"href":"http:\/\/thenordiccountries.com\/fr\/wp-json\/wp\/v2\/users\/1"}],"replies":[{"embeddable":true,"href":"http:\/\/thenordiccountries.com\/fr\/wp-json\/wp\/v2\/comments?post=26"}],"version-history":[{"count":7,"href":"http:\/\/thenordiccountries.com\/fr\/wp-json\/wp\/v2\/pages\/26\/revisions"}],"predecessor-version":[{"id":564,"href":"http:\/\/thenordiccountries.com\/fr\/wp-json\/wp\/v2\/pages\/26\/revisions\/564"}],"wp:attachment":[{"href":"http:\/\/thenordiccountries.com\/fr\/wp-json\/wp\/v2\/media?parent=26"}],"curies":[{"name":"wp","href":"https:\/\/api.w.org\/{rel}","templated":true}]}}