{"id":28,"date":"2012-01-13T17:22:19","date_gmt":"2012-01-13T17:22:19","guid":{"rendered":"http:\/\/thenordiccountries.com\/fr\/?page_id=28"},"modified":"2012-03-21T19:19:33","modified_gmt":"2012-03-21T19:19:33","slug":"iles-de-la-mer-baltique","status":"publish","type":"page","link":"http:\/\/thenordiccountries.com\/fr\/iles-de-la-mer-baltique\/","title":{"rendered":"\u00ceLES DE LA MER BALTIQUE"},"content":{"rendered":"<p style=\"text-align: center;\"><a href=\"http:\/\/thenordiccountries.com\/es\/wp-content\/uploads\/2012\/01\/THENORDICCOUNTRIES.COM-Islas-del-Mar-Baltico-Baltic-sea-island-\u00eeles-de-la-Mer-Baltique.jpg\">[ad]<img loading=\"lazy\" decoding=\"async\" class=\"aligncenter\" title=\"THENORDICCOUNTRIES.COM Islas del Mar Baltico, Baltic sea island, \u00eeles de la Mer Baltique\" src=\"http:\/\/thenordiccountries.com\/es\/wp-content\/uploads\/2012\/01\/THENORDICCOUNTRIES.COM-Islas-del-Mar-Baltico-Baltic-sea-island-\u00eeles-de-la-Mer-Baltique.jpg\" alt=\"\" width=\"448\" height=\"335\" \/><\/a><\/p>\n<div id=\"gt-res-wrap\">\n<div id=\"gt-res-content\">\n<div dir=\"ltr\">\n<ul>\n<ul>\n<li><span style=\"text-decoration: underline; color: #0000ff;\"><span style=\"text-decoration: underline;\"><strong><a title=\"Voyager aux \u00celes de la Mer Baltique\" href=\"http:\/\/thenordiccountries.com\/fr\/voyager-aux-iles-de-la-mer-baltique\/\" target=\"_blank\"><span style=\"color: #0000ff; text-decoration: underline;\">Voyager aux \u00celes de la Mer Baltique<\/span><\/a><\/strong><\/span><\/span><\/li>\n<li><span style=\"text-decoration: underline;\"><span style=\"color: #0000ff; text-decoration: underline;\"><strong>Etudier aux \u00ce<strong>les de la Mer Baltique<\/strong><br \/>\n<\/strong><\/span><\/span><\/li>\n<li><span style=\"text-decoration: underline;\"><span style=\"color: #0000ff; text-decoration: underline;\"><strong>Culture des\u00a0<strong>\u00ce<strong>les de la Mer Baltique<\/strong><\/strong><\/strong><\/span><\/span><\/li>\n<li><span style=\"text-decoration: underline;\"><span style=\"color: #0000ff; text-decoration: underline;\"><strong>Histoire des <strong>\u00ce<strong>les de la Mer Baltique<\/strong><\/strong><br \/>\n<\/strong><\/span><\/span><\/li>\n<li><span style=\"text-decoration: underline;\"><span style=\"color: #0000ff; text-decoration: underline;\"><strong>Vivre dans les <strong><strong>\u00ce<strong>les de la Mer Baltique<\/strong><\/strong><\/strong><\/strong>\u00a0<\/span><\/span><\/li>\n<\/ul>\n<\/ul>\n<\/div>\n<div style=\"text-align: justify;\" dir=\"ltr\"><strong>La mer Baltique<\/strong> est\u00a0une mer int\u00e9rieure\u00a0d&#8217;eau saum\u00e2tre\u00a0(plus sal\u00e9e que\u00a0l&#8217;eau douce et\u00a0moins que l&#8217;eau de mer)\u00a0dans le nord de\u00a0l&#8217;Europe. Elle est consid\u00e9r\u00e9 comme\u00a0une mer int\u00e9rieure\u00a0comme seul\u00a0connect\u00e9 \u00e0\u00a0l&#8217;Oc\u00e9an Atlantique\u00a0par de petits d\u00e9troits\u00a0du Kattegat et\u00a0du Skagerrak\u00a0qui se trouvent\u00a0entre le Danemark et\u00a0le sud\u00a0de la Su\u00e8de\u00a0et la Norv\u00e8ge.\u00a0La mer Baltique\u00a0est entour\u00e9\u00a0par des pays comme\u00a0la Finlande,\u00a0la Russie,\u00a0la Su\u00e8de,\u00a0l&#8217;Estonie,\u00a0la Lettonie,\u00a0la Lituanie,\u00a0la Pologne,\u00a0l&#8217;Allemagne\u00a0et le Danemark.<\/div>\n<\/div>\n<\/div>\n<p style=\"text-align: justify;\">Les\u00a0belles \u00eeles\u00a0de la mer Baltique\u00a0peuvent \u00eatre\u00a0divis\u00e9es par\u00a0pays; les\u00a0\u00eeles\u00a0de\u00a0<strong><em>Bornholm,\u00a0Fiona\u00a0et\u00a0Selandia<\/em><\/strong>\u00a0appartiennent au Danemark,\u00a0<em><strong>\u00d6land<\/strong><\/em> et\u00a0<strong><em>Gotland<\/em><\/strong>\u00a0appartiennent \u00e0\u00a0la Su\u00e8de, l&#8217; \u00eele <em><strong>\u00c5land<\/strong><\/em>\u00a0appartient \u00e0 la Finlande,\u00a0<strong><em>Hiiumaa<\/em><\/strong> et <em><strong>Saaremaa<\/strong><\/em> appartiennent \u00e0\u00a0l&#8217;Estonie\u00a0et enfin\u00a0l&#8217;\u00eele de <em><strong>R\u00fcgen<\/strong><\/em>\u00a0qui appartient \u00e0 l&#8217;Allemagne.<\/p>\n<p style=\"text-align: justify;\"><span style=\"text-decoration: underline;\"><span style=\"color: #0000ff;\"><strong><a href=\"http:\/\/thenordiccountries.com\/fr\/aland\/\" target=\"_blank\"><span style=\"color: #0000ff; text-decoration: underline;\">\u00c5LAND:<\/span><\/a><\/strong><\/span><\/span><\/p>\n<p style=\"text-align: justify;\"><strong>Les \u00eeles d&#8217;\u00c5land<\/strong>, Ahvenanmaa en finnois, forment un archipel dans la mer Baltique entre la Finlande et la Su\u00e8de, qui appartient \u00e0 la R\u00e9publique de Finlande avec le statut de province autonome.\u00a0\u00c5land a un peu plus de 28.000 habitants dont pr\u00e8s de la moiti\u00e9 vivent dans la capitale Mariehamn, qui est la seule ville dans les \u00eeles. \u00a0 <span style=\"color: #0000ff;\"><a title=\"\u00c5land\" href=\"http:\/\/thenordiccountries.com\/fr\/aland\/\" target=\"_blank\"><span style=\"color: #0000ff;\">Continuer \u00e0 lire\u00a0l&#8217;article&#8230;<\/span><\/a><\/span><\/p>\n<p style=\"text-align: justify;\">[ad]<\/p>\n<p style=\"text-align: justify;\"><span style=\"text-decoration: underline;\"><span style=\"color: #0000ff;\"><strong><a title=\"Gotland\" href=\"http:\/\/thenordiccountries.com\/fr\/gotland\/\" target=\"_blank\"><span style=\"color: #0000ff; text-decoration: underline;\">GOTLAND:<\/span><\/a><\/strong><\/span><\/span><\/p>\n<p style=\"text-align: justify;\"><strong>Gotland<\/strong>\u00a0est la plus grande \u00eele de la mer Baltique et de la Su\u00e8de, o\u00f9 il appartient.\u00a0Situ\u00e9 \u00e0 quelque 90 km au large de la c\u00f4te su\u00e9doise \u00e0 l&#8217;est et \u00e0 130 kilom\u00e8tres \u00e0 partir des pays baltes \u00e0 l&#8217;ouest, Gotland a une superficie de 3140 km2 avec 800 km de c\u00f4tes, formant,\u00a0avec quelques petites\u00a0\u00eeles dans ses environs,\u00a0la province su\u00e9doise qui est aussi appel\u00e9e Gotland. \u00a0<span style=\"color: #0000ff;\"><a title=\"Gotland\" href=\"http:\/\/thenordiccountries.com\/fr\/gotland\/\" target=\"_blank\"><span style=\"color: #0000ff;\">Continuer \u00e0 lire l&#8217;article&#8230;<\/span><\/a><\/span><\/p>\n<div dir=\"ltr\">\n<ul>\n<ul>\n<li style=\"text-align: justify;\"><span style=\"text-decoration: underline;\"><span style=\"color: #0000ff; text-decoration: underline;\"><strong>Galerie de photos des\u00a0<strong><strong>\u00ce<strong>les de la Mer Baltique<\/strong><\/strong><\/strong><br \/>\n<\/strong><\/span><\/span><\/li>\n<li><strong><span style=\"text-decoration: underline;\"><span style=\"color: #0000ff; text-decoration: underline;\">Vid\u00e9os des\u00a0<strong><strong>\u00ce<strong>les de la Mer Baltique<\/strong><\/strong><\/strong><\/span><\/span><br \/>\n<\/strong><\/li>\n<\/ul>\n<\/ul>\n<\/div>\n","protected":false},"excerpt":{"rendered":"<p>[ad] Voyager aux \u00celes de la Mer Baltique Etudier aux \u00celes de la Mer Baltique Culture des\u00a0\u00celes de la Mer Baltique Histoire des \u00celes de la Mer Baltique Vivre dans les \u00celes de la Mer Baltique\u00a0 La mer Baltique est\u00a0une mer int\u00e9rieure\u00a0d&#8217;eau saum\u00e2tre\u00a0(plus sal\u00e9e que\u00a0l&#8217;eau douce et\u00a0moins que l&#8217;eau de mer)\u00a0dans le nord de\u00a0l&#8217;Europe. Elle [&hellip;]<\/p>\n","protected":false},"author":1,"featured_media":0,"parent":0,"menu_order":0,"comment_status":"closed","ping_status":"closed","template":"","meta":{"footnotes":""},"class_list":["post-28","page","type-page","status-publish","hentry"],"_links":{"self":[{"href":"http:\/\/thenordiccountries.com\/fr\/wp-json\/wp\/v2\/pages\/28","targetHints":{"allow":["GET"]}}],"collection":[{"href":"http:\/\/thenordiccountries.com\/fr\/wp-json\/wp\/v2\/pages"}],"about":[{"href":"http:\/\/thenordiccountries.com\/fr\/wp-json\/wp\/v2\/types\/page"}],"author":[{"embeddable":true,"href":"http:\/\/thenordiccountries.com\/fr\/wp-json\/wp\/v2\/users\/1"}],"replies":[{"embeddable":true,"href":"http:\/\/thenordiccountries.com\/fr\/wp-json\/wp\/v2\/comments?post=28"}],"version-history":[{"count":14,"href":"http:\/\/thenordiccountries.com\/fr\/wp-json\/wp\/v2\/pages\/28\/revisions"}],"predecessor-version":[{"id":567,"href":"http:\/\/thenordiccountries.com\/fr\/wp-json\/wp\/v2\/pages\/28\/revisions\/567"}],"wp:attachment":[{"href":"http:\/\/thenordiccountries.com\/fr\/wp-json\/wp\/v2\/media?parent=28"}],"curies":[{"name":"wp","href":"https:\/\/api.w.org\/{rel}","templated":true}]}}