{"id":41,"date":"2012-01-13T17:26:24","date_gmt":"2012-01-13T17:26:24","guid":{"rendered":"http:\/\/thenordiccountries.com\/fr\/?page_id=41"},"modified":"2012-03-23T16:24:44","modified_gmt":"2012-03-23T16:24:44","slug":"cap-nord","status":"publish","type":"page","link":"http:\/\/thenordiccountries.com\/fr\/cap-nord\/","title":{"rendered":"CAP NORD"},"content":{"rendered":"<p style=\"text-align: center;\"><a href=\"http:\/\/thenordiccountries.com\/es\/wp-content\/uploads\/2012\/01\/TheNordicCountries.com-CABO-NORTE-NORTH-CAPE-CAP-NORD.jpg\">[ad]<img loading=\"lazy\" decoding=\"async\" class=\"aligncenter\" title=\"TheNordicCountries.com CABO NORTE, NORTH CAPE, CAP NORD\" src=\"http:\/\/thenordiccountries.com\/es\/wp-content\/uploads\/2012\/01\/TheNordicCountries.com-CABO-NORTE-NORTH-CAPE-CAP-NORD.jpg\" alt=\"\" width=\"461\" height=\"346\" \/><\/a><\/p>\n<ul>\n<ul>\n<li><span style=\"text-decoration: underline; color: #0000ff;\"><span style=\"text-decoration: underline;\"><strong><a title=\"Voyager au Cap Nord\" href=\"http:\/\/thenordiccountries.com\/fr\/voyager-au-cap-nord-comment-se-rendre\/\" target=\"_blank\"><span style=\"color: #0000ff; text-decoration: underline;\">Voyager <\/span><\/a><strong><a title=\"Voyager au Cap Nord\" href=\"http:\/\/thenordiccountries.com\/fr\/voyager-au-cap-nord-comment-se-rendre\/\" target=\"_blank\"><span style=\"color: #0000ff; text-decoration: underline;\">au Cap Nord<\/span><\/a><\/strong><\/strong><\/span><\/span><\/li>\n<li><span style=\"text-decoration: underline;\"><span style=\"color: #0000ff; text-decoration: underline;\"><strong>Histoire du <strong><strong>Cap Nord<\/strong><\/strong><\/strong><\/span><\/span><\/li>\n<li><span style=\"text-decoration: underline;\"><span style=\"color: #0000ff; text-decoration: underline;\"><strong>Gallerie de Photos\u00a0<strong>du\u00a0<strong><strong>Cap Nord<\/strong><\/strong><\/strong><\/strong><\/span><\/span><\/li>\n<li><span style=\"text-decoration: underline;\"><span style=\"color: #0000ff; text-decoration: underline;\"><strong>Vid\u00e9os\u00a0<strong>du\u00a0<strong><strong>Cap Nord<\/strong><\/strong><\/strong><\/strong><\/span><\/span><\/li>\n<\/ul>\n<\/ul>\n<p style=\"text-align: justify;\"><strong>Le Cap Nord <\/strong>est un promontoire sur l&#8217;\u00eele norv\u00e9gienne de Mager\u00f8ya, au nord de la Norv\u00e8ge, dont la falaise de 307 m\u00e8tres de haute est consid\u00e9r\u00e9e comme le point le plus septentrional de l&#8217;Europe. Cependant, comme le Cap Nord est situ\u00e9 sur une \u00eele, en fait le v\u00e9ritable point nord de l&#8217;Europe serait le cap de Nordkinn \u00e0 la fin de la p\u00e9ninsule scandinave. Ces deux caps valent le d\u00e9tour et sont caract\u00e9ris\u00e9es par la beaut\u00e9 de leurs falaises et par la signification symbolique de leur situation qui indique la fin du continent.<\/p>\n<p style=\"text-align: justify;\"><a href=\"http:\/\/thenordiccountries.com\/es\/wp-content\/uploads\/2012\/01\/TheNordicCountries.com-CABO-NORTE-NORTH-CAPE-CAP-NORD-mapa.png\"><img loading=\"lazy\" decoding=\"async\" class=\"alignright\" title=\"TheNordicCountries.com CABO NORTE, NORTH CAPE, CAP NORD mapa\" src=\"http:\/\/thenordiccountries.com\/es\/wp-content\/uploads\/2012\/01\/TheNordicCountries.com-CABO-NORTE-NORTH-CAPE-CAP-NORD-mapa-300x190.png\" alt=\"\" width=\"270\" height=\"171\" \/><\/a><\/p>\n<p style=\"text-align: justify;\">Le Cap Nord de l&#8217;\u00eele Mager\u00f8ya est consid\u00e9r\u00e9 comme la limite g\u00e9ographique entre la mer de Norv\u00e8ge et de la mer de Barents,il est-\u00e0-dire, la fronti\u00e8re entre l&#8217;oc\u00e9an Atlantique et l&#8217;oc\u00e9an Arctique. Le Cap Nord est en effet une attraction touristique majeure avec une infrastructure pr\u00eate pour des expositions touristiques qui expliquent les \u00e9v\u00e9nements historiques de la place, comme la bataille du Cap Nord, qui a eu lieu dans la mer au large du cap en 1943.<\/p>\n<p style=\"text-align: justify;\">[ad]<\/p>\n<p style=\"text-align: justify;\">Le Cap Nord a \u00e9t\u00e9 nomm\u00e9 par l&#8217;explorateur Richard Chancellor qui a pass\u00e9 par le cap en 1553. Aujourd&#8217;hui le Cap Nord est le d\u00e9but de la piste cyclable <em>Eurov\u00e9lo<\/em> qui traverse toute l&#8217;Europe ayant sa fin au Portugal.<\/p>\n","protected":false},"excerpt":{"rendered":"<p>[ad] Voyager au Cap Nord Histoire du Cap Nord Gallerie de Photos\u00a0du\u00a0Cap Nord Vid\u00e9os\u00a0du\u00a0Cap Nord Le Cap Nord est un promontoire sur l&#8217;\u00eele norv\u00e9gienne de Mager\u00f8ya, au nord de la Norv\u00e8ge, dont la falaise de 307 m\u00e8tres de haute est consid\u00e9r\u00e9e comme le point le plus septentrional de l&#8217;Europe. Cependant, comme le Cap Nord est [&hellip;]<\/p>\n","protected":false},"author":1,"featured_media":0,"parent":0,"menu_order":0,"comment_status":"closed","ping_status":"closed","template":"","meta":{"footnotes":""},"class_list":["post-41","page","type-page","status-publish","hentry"],"_links":{"self":[{"href":"http:\/\/thenordiccountries.com\/fr\/wp-json\/wp\/v2\/pages\/41","targetHints":{"allow":["GET"]}}],"collection":[{"href":"http:\/\/thenordiccountries.com\/fr\/wp-json\/wp\/v2\/pages"}],"about":[{"href":"http:\/\/thenordiccountries.com\/fr\/wp-json\/wp\/v2\/types\/page"}],"author":[{"embeddable":true,"href":"http:\/\/thenordiccountries.com\/fr\/wp-json\/wp\/v2\/users\/1"}],"replies":[{"embeddable":true,"href":"http:\/\/thenordiccountries.com\/fr\/wp-json\/wp\/v2\/comments?post=41"}],"version-history":[{"count":8,"href":"http:\/\/thenordiccountries.com\/fr\/wp-json\/wp\/v2\/pages\/41\/revisions"}],"predecessor-version":[{"id":645,"href":"http:\/\/thenordiccountries.com\/fr\/wp-json\/wp\/v2\/pages\/41\/revisions\/645"}],"wp:attachment":[{"href":"http:\/\/thenordiccountries.com\/fr\/wp-json\/wp\/v2\/media?parent=41"}],"curies":[{"name":"wp","href":"https:\/\/api.w.org\/{rel}","templated":true}]}}