{"id":8,"date":"2012-01-13T17:12:09","date_gmt":"2012-01-13T17:12:09","guid":{"rendered":"http:\/\/thenordiccountries.com\/fr\/?page_id=8"},"modified":"2012-03-21T18:57:51","modified_gmt":"2012-03-21T18:57:51","slug":"danemark","status":"publish","type":"page","link":"http:\/\/thenordiccountries.com\/fr\/danemark\/","title":{"rendered":"DANEMARK"},"content":{"rendered":"<div style=\"text-align: center;\"><a href=\"http:\/\/thenordiccountries.com\/es\/wp-content\/uploads\/2012\/01\/TheNordicCountries.com-DENMARK.jpg\">[ad]<img loading=\"lazy\" decoding=\"async\" class=\"aligncenter\" title=\"TheNordicCountries.com DENMARK\" src=\"http:\/\/thenordiccountries.com\/es\/wp-content\/uploads\/2012\/01\/TheNordicCountries.com-DENMARK.jpg\" alt=\"\" width=\"560\" height=\"373\" \/><\/a><\/div>\n<div dir=\"ltr\">\n<ul>\n<ul>\n<li><span style=\"color: #0000ff;\"><strong><span style=\"text-decoration: underline;\"><span style=\"text-decoration: underline;\"><a title=\"Voyager au Danemark\" href=\"http:\/\/thenordiccountries.com\/fr\/voyager-au-danemark\/\" target=\"_blank\"><span style=\"color: #0000ff; text-decoration: underline;\">Voyager\u00a0au Danemark<\/span><\/a><\/span><\/span><\/strong><\/span><\/li>\n<li><span style=\"color: #0000ff;\"><strong><span style=\"text-decoration: underline;\"><span style=\"text-decoration: underline;\"><a title=\"\u00c9tudier au Danemark\" href=\"http:\/\/thenordiccountries.com\/fr\/etudier-au-danemark\/\" target=\"_blank\"><span style=\"color: #0000ff; text-decoration: underline;\">\u00c9tudier au Danemark<\/span><\/a><\/span><\/span><\/strong><\/span><\/li>\n<li><strong><span style=\"text-decoration: underline;\"><span style=\"color: #0000ff; text-decoration: underline;\">Profil du pays<\/span><\/span><\/strong><\/li>\n<li><strong><span style=\"text-decoration: underline;\"><span style=\"color: #0000ff; text-decoration: underline;\">Culture Danoise<\/span><\/span><\/strong><\/li>\n<li><strong><span style=\"text-decoration: underline;\"><span style=\"color: #0000ff; text-decoration: underline;\">Art Danois<\/span><\/span><\/strong><\/li>\n<li><strong><span style=\"text-decoration: underline;\"><span style=\"color: #0000ff; text-decoration: underline;\">Histoire\u00a0du Danemark<\/span><\/span><\/strong><\/li>\n<li><strong><span style=\"text-decoration: underline;\"><span style=\"color: #0000ff; text-decoration: underline;\">Gastronomie au Danemark<\/span><\/span><\/strong><\/li>\n<li><strong><span style=\"text-decoration: underline;\"><span style=\"color: #0000ff; text-decoration: underline;\">Vivre\u00a0au Danemark<\/span><\/span><\/strong><\/li>\n<\/ul>\n<\/ul>\n<\/div>\n<div style=\"text-align: justify;\" dir=\"ltr\"><strong>Le Danemark<\/strong> est le\u00a0pays nordique le plus m\u00e9ridional,\u00a0et sa p\u00e9ninsule\u00a0principale, Jutland,\u00a0est li\u00e9e \u00e0 une seule fronti\u00e8re terrestre partag\u00e9e avec l&#8217;Allemagne, en plus du lien au sud\u00a0de la Su\u00e8de par le pont d&#8217;Oresund\u00a0Construit en 1999.\u00a0Ajout\u00a0du Jutland, le Royaume du Danemark\u00a0se compose de\u00a0centaines d&#8217;\u00eeles, un total de\u00a0407,\u00a0et de deux\u00a0territoires autonomes\u00a0et d\u00e9pendantes,\u00a0le Groenland et les \u00celes F\u00e9ro\u00e9.<\/div>\n<div style=\"text-align: justify;\" dir=\"ltr\">\n<p><img loading=\"lazy\" decoding=\"async\" class=\"alignright\" title=\"TheNordicCountries.com DENMARK mapa\" src=\"http:\/\/thenordiccountries.com\/es\/wp-content\/uploads\/2012\/01\/TheNordicCountries.com-DENMARK-mapa.gif\" alt=\"\" width=\"246\" height=\"234\" \/><\/p>\n<\/div>\n<div style=\"text-align: justify;\" dir=\"ltr\">Bien que\u00a0ne faisant pas partie\u00a0de la p\u00e9ninsule Scandinave, le Danemark est\u00a0consid\u00e9r\u00e9 comme un des pays Scandinaves par sa langue,\u00a0le danois, \u00e9troitement li\u00e9e aux autres langues scandinaves\u00a0comme le su\u00e9dois, norv\u00e9gien\u00a0et islandais.\u00a0Les Danois\u00a0font partie\u00a0de l&#8217;Union Europ\u00e9enne, bien que\u00a0n&#8217;utilisant pas l&#8217;euro.\u00a0Sa monnaie est\u00a0la couronne danoise.\u00a0La monarchie danoise\u00a0est consid\u00e9r\u00e9e comme\u00a0la plus vieille monarchie\u00a0existante pour avoir plus de mil ans.<\/div>\n<div style=\"text-align: justify;\" dir=\"ltr\"><\/div>\n<div style=\"text-align: justify;\" dir=\"ltr\"><\/div>\n<div style=\"text-align: justify;\" dir=\"ltr\">[ad]<\/div>\n<div dir=\"ltr\">\n<p style=\"text-align: justify;\">On dit souvent\u00a0des Danois sont calmes et\u00a0agr\u00e9ables, et\u00a0aiment profiter de\u00a0la belle nature\u00a0de sa terre entour\u00e9e d&#8217;\u00eeles.\u00a0Parmi les\u00a0grandes attractions du Danemark est\u00a0la capitale, Copenhague\u00a0avec son fameux\u00a0Tivoli et, bien s\u00fbr, la\u00a0m\u00eame plus c\u00e9l\u00e8bre\u00a0sir\u00e8ne, reposant sur\u00a0les eaux calmes de\u00a0la belle ville\u00a0de Copenhague.<\/p>\n<ul>\n<ul>\n<li><span style=\"text-decoration: underline;\"><span style=\"color: #0000ff; text-decoration: underline;\"><strong>Gallerie de Photos de Danemark<\/strong><\/span><\/span><\/li>\n<li><span style=\"text-decoration: underline;\"><span style=\"color: #0000ff; text-decoration: underline;\"><strong>Vid\u00e9os\u00a0du Danemark<\/strong><\/span><\/span><\/li>\n<\/ul>\n<\/ul>\n<\/div>\n","protected":false},"excerpt":{"rendered":"<p>[ad] Voyager\u00a0au Danemark \u00c9tudier au Danemark Profil du pays Culture Danoise Art Danois Histoire\u00a0du Danemark Gastronomie au Danemark Vivre\u00a0au Danemark Le Danemark est le\u00a0pays nordique le plus m\u00e9ridional,\u00a0et sa p\u00e9ninsule\u00a0principale, Jutland,\u00a0est li\u00e9e \u00e0 une seule fronti\u00e8re terrestre partag\u00e9e avec l&#8217;Allemagne, en plus du lien au sud\u00a0de la Su\u00e8de par le pont d&#8217;Oresund\u00a0Construit en 1999.\u00a0Ajout\u00a0du Jutland, [&hellip;]<\/p>\n","protected":false},"author":1,"featured_media":0,"parent":0,"menu_order":0,"comment_status":"closed","ping_status":"closed","template":"","meta":{"footnotes":""},"class_list":["post-8","page","type-page","status-publish","hentry"],"_links":{"self":[{"href":"http:\/\/thenordiccountries.com\/fr\/wp-json\/wp\/v2\/pages\/8","targetHints":{"allow":["GET"]}}],"collection":[{"href":"http:\/\/thenordiccountries.com\/fr\/wp-json\/wp\/v2\/pages"}],"about":[{"href":"http:\/\/thenordiccountries.com\/fr\/wp-json\/wp\/v2\/types\/page"}],"author":[{"embeddable":true,"href":"http:\/\/thenordiccountries.com\/fr\/wp-json\/wp\/v2\/users\/1"}],"replies":[{"embeddable":true,"href":"http:\/\/thenordiccountries.com\/fr\/wp-json\/wp\/v2\/comments?post=8"}],"version-history":[{"count":16,"href":"http:\/\/thenordiccountries.com\/fr\/wp-json\/wp\/v2\/pages\/8\/revisions"}],"predecessor-version":[{"id":59,"href":"http:\/\/thenordiccountries.com\/fr\/wp-json\/wp\/v2\/pages\/8\/revisions\/59"}],"wp:attachment":[{"href":"http:\/\/thenordiccountries.com\/fr\/wp-json\/wp\/v2\/media?parent=8"}],"curies":[{"name":"wp","href":"https:\/\/api.w.org\/{rel}","templated":true}]}}